{"id":74610,"date":"2023-11-24T09:39:38","date_gmt":"2023-11-24T08:39:38","guid":{"rendered":"https:\/\/www.liberon.ch\/?post_type=product&#038;p=74610"},"modified":"2025-02-18T12:03:33","modified_gmt":"2025-02-18T11:03:33","slug":"le-brou-de-noix-2","status":"publish","type":"product","link":"https:\/\/www.liberon.ch\/de\/produit\/le-brou-de-noix-2\/","title":{"rendered":"LE BROU DE NOIX"},"content":{"rendered":"<style>.ewd-ufaq-post-margin-symbol { color: #be965c !important; }.ewd-ufaq-post-margin-symbol { font-size: 18 !important; }div.ewd-ufaq-faq-title h3 { font-size: 18px !important; }div.ewd-ufaq-faq-post p { color: #50748a !important; }.ufaq-faq-category-title h3 {\ntext-transform:uppercase;\npadding:25px;\n}\n\n.ufaq-faq-category-title a {\ntext-transform:none;\n}\n\n#ewd-ufaq-title-explanation,#ewd-faq-author-explanation {\ndisplay:none;\n}\n\ninput#ufaq-ajax-text-input {\nborder:1px solid #d2d2d2;\nfont-size:15px!important;\nwidth:auto!important;\npadding:7px 12px;\nmargin:0;\n}\n\n.ewd-ufaq-review-input input,#ewd-faq-review-author-input input,.ewd-ufaq-question-form #submit {\nborder:1px solid #d2d2d2;\npadding:7px 12px;\nfont-size:100%;\nmargin:0;\n}\n\n#ufaq-ajax-search-btn {\ndisplay:none;\n}<\/style><div  class=\"ewd-ufaq-faq-list ewd-ufaq-page-type-infinite_scroll\" id='ewd-ufaq-faq-list'>\n\n\t<input type='hidden' name='show_on_load' value='' id='ewd-ufaq-show-on-load' \/>\n<input type='hidden' name='include_category' value='' id='ewd-ufaq-include-category' \/>\n<input type='hidden' name='exclude_category' value='' id='ewd-ufaq-exclude-category' \/>\n<input type='hidden' name='orderby' value='date' id='ewd-ufaq-orderby' \/>\n<input type='hidden' name='order' value='desc' id='ewd-ufaq-order' \/>\n<input type='hidden' name='post_count' value='-1' id='ewd-ufaq-post-count' \/>\n<input type='hidden' name='current_url' value='\/de\/wp-json\/wp\/v2\/product\/74610' id='ewd-ufaq-current-url' \/>\n\t\n\t\n\t<div class='ewd-ufaq-faqs'>\n\n\t\t<div  class=\"ewd-ufaq-faq-div ewd-ufaq-faq-column-count-two ewd-ufaq-faq-responsive-columns-1 ewd-ufaq-faq-display-style-minimalist ewd-ufaq-can-be-toggled\" id='ewd-ufaq-post-60434-q4ZQO4pS8X' data-post_id='60434'>\n\n\t<div class='ewd-ufaq-faq-title ewd-ufaq-faq-toggle'>\n\t\n\t<a class='ewd-ufaq-post-margin'  href='#'>\n\n\t\t<div class='ewd-ufaq-post-margin-symbol ewd-ufaq-square'>\n\t\t\t<span >A<\/span>\n\t\t<\/div>\n\n\t\t<div class='ewd-ufaq-faq-title-text'>\n\n\t\t\t<h3>\n\t\t\t\tKann man einen Schutzlack auf die Walnussbeize Le Brou de Noix auftragen?\t\t\t<\/h3>\n\n\t\t<\/div>\n\n\t\t<div class='ewd-ufaq-clear'><\/div>\n\n\t<\/a>\n\t\n<\/div>\n\t\n\t<div class='ewd-ufaq-faq-body ' >\n\n\t\t\n\t\t\t\n\t\t\n\t\t\t<div class='ewd-ufaq-post-margin ewd-ufaq-faq-post'>\n\t<p>Wie die Antikbeize <a href=\"https:\/\/test.liberon.com\/produit\/la-teinte-antiquaire\/\"><span style=\"text-decoration: underline\">La Teinte Antiquaire<\/span><\/a> kann die Walnussbeize <a href=\"https:\/\/test.liberon.com\/produit\/le-brou-de-noix\/\"><span style=\"text-decoration: underline\">Le Brou de Noix<\/span><\/a> mit einem Acryl- oder Alkydlack, Fondur, einem \u00d6l oder Wachs\u2026 gesch\u00fctzt werden. Beachten Sie vor dem Auftragen eines Wasserlacks, dass Sie die Beize mindestens 24 Stunden lang gut trocknen lassen.<\/p>\n<\/div>\n\t\t\n\t\t\t<div class='ewd-ufaq-faq-custom-fields'>\n\n\t\n<\/div>\n\t\t\n\t\t\t\n\t\t\n\t\t\t\n\t\t\n\t\t\t\n\t\t\n\t\t\t\n\t\t\n\t\t\t\n\t\t\n\t\t\t\n\t\t\n\t\t\t\n\t\t\n\t<\/div>\n\n<\/div>\n\t<\/div>\n\n\t\n<\/div>","protected":false},"excerpt":{"rendered":"<p>Le Brou de Noix est une teinture r\u00e9alis\u00e9e \u00e0 base de gangues de noix offrant un aspect ancien aux <strong>bois<\/strong> neufs ou masquant les d\u00e9fauts.<\/p>\n[elementor-template id=\"48459\"]\n","protected":false},"featured_media":74598,"template":"","meta":{"site-sidebar-layout":"default","site-content-layout":"default","ast-site-content-layout":"default","site-content-style":"default","site-sidebar-style":"default","ast-global-header-display":"","ast-banner-title-visibility":"","ast-main-header-display":"","ast-hfb-above-header-display":"","ast-hfb-below-header-display":"","ast-hfb-mobile-header-display":"","site-post-title":"","ast-breadcrumbs-content":"","ast-featured-img":"","footer-sml-layout":"","theme-transparent-header-meta":"default","adv-header-id-meta":"","stick-header-meta":"default","header-above-stick-meta":"","header-main-stick-meta":"","header-below-stick-meta":"","astra-migrate-meta-layouts":"set","ast-page-background-enabled":"default","ast-page-background-meta":{"desktop":{"background-color":"","background-image":"","background-repeat":"repeat","background-position":"center center","background-size":"auto","background-attachment":"scroll","background-type":"","background-media":"","overlay-type":"","overlay-color":"","overlay-gradient":""},"tablet":{"background-color":"","background-image":"","background-repeat":"repeat","background-position":"center center","background-size":"auto","background-attachment":"scroll","background-type":"","background-media":"","overlay-type":"","overlay-color":"","overlay-gradient":""},"mobile":{"background-color":"","background-image":"","background-repeat":"repeat","background-position":"center center","background-size":"auto","background-attachment":"scroll","background-type":"","background-media":"","overlay-type":"","overlay-color":"","overlay-gradient":""}},"ast-content-background-meta":{"desktop":{"background-color":"var(--ast-global-color-5)","background-image":"","background-repeat":"repeat","background-position":"center center","background-size":"auto","background-attachment":"scroll","background-type":"","background-media":"","overlay-type":"","overlay-color":"","overlay-gradient":""},"tablet":{"background-color":"var(--ast-global-color-5)","background-image":"","background-repeat":"repeat","background-position":"center center","background-size":"auto","background-attachment":"scroll","background-type":"","background-media":"","overlay-type":"","overlay-color":"","overlay-gradient":""},"mobile":{"background-color":"var(--ast-global-color-5)","background-image":"","background-repeat":"repeat","background-position":"center center","background-size":"auto","background-attachment":"scroll","background-type":"","background-media":"","overlay-type":"","overlay-color":"","overlay-gradient":""}}},"product_cat":[2849,2835,2839],"product_tag":[],"_links":{"self":[{"href":"https:\/\/www.liberon.ch\/de\/wp-json\/wp\/v2\/product\/74610"}],"collection":[{"href":"https:\/\/www.liberon.ch\/de\/wp-json\/wp\/v2\/product"}],"about":[{"href":"https:\/\/www.liberon.ch\/de\/wp-json\/wp\/v2\/types\/product"}],"version-history":[{"count":0,"href":"https:\/\/www.liberon.ch\/de\/wp-json\/wp\/v2\/product\/74610\/revisions"}],"wp:featuredmedia":[{"embeddable":true,"href":"https:\/\/www.liberon.ch\/de\/wp-json\/wp\/v2\/media\/74598"}],"wp:attachment":[{"href":"https:\/\/www.liberon.ch\/de\/wp-json\/wp\/v2\/media?parent=74610"}],"wp:term":[{"taxonomy":"product_cat","embeddable":true,"href":"https:\/\/www.liberon.ch\/de\/wp-json\/wp\/v2\/product_cat?post=74610"},{"taxonomy":"product_tag","embeddable":true,"href":"https:\/\/www.liberon.ch\/de\/wp-json\/wp\/v2\/product_tag?post=74610"}],"curies":[{"name":"wp","href":"https:\/\/api.w.org\/{rel}","templated":true}]}}