{"id":74590,"date":"2023-11-23T11:30:03","date_gmt":"2023-11-23T10:30:03","guid":{"rendered":"https:\/\/www.liberon.ch\/?post_type=product&#038;p=74590"},"modified":"2025-02-18T12:02:07","modified_gmt":"2025-02-18T11:02:07","slug":"le-fondur-a-cirer","status":"publish","type":"product","link":"https:\/\/www.liberon.ch\/de\/produit\/le-fondur-a-cirer\/","title":{"rendered":"LE FONDUR \u00c0 CIRER"},"content":{"rendered":"<style>.ewd-ufaq-post-margin-symbol { color: #be965c !important; }.ewd-ufaq-post-margin-symbol { font-size: 18 !important; }div.ewd-ufaq-faq-title h3 { font-size: 18px !important; }div.ewd-ufaq-faq-post p { color: #50748a !important; }.ufaq-faq-category-title h3 {\ntext-transform:uppercase;\npadding:25px;\n}\n\n.ufaq-faq-category-title a {\ntext-transform:none;\n}\n\n#ewd-ufaq-title-explanation,#ewd-faq-author-explanation {\ndisplay:none;\n}\n\ninput#ufaq-ajax-text-input {\nborder:1px solid #d2d2d2;\nfont-size:15px!important;\nwidth:auto!important;\npadding:7px 12px;\nmargin:0;\n}\n\n.ewd-ufaq-review-input input,#ewd-faq-review-author-input input,.ewd-ufaq-question-form #submit {\nborder:1px solid #d2d2d2;\npadding:7px 12px;\nfont-size:100%;\nmargin:0;\n}\n\n#ufaq-ajax-search-btn {\ndisplay:none;\n}<\/style><div  class=\"ewd-ufaq-faq-list ewd-ufaq-page-type-infinite_scroll\" id='ewd-ufaq-faq-list'>\n\n\t<input type='hidden' name='show_on_load' value='' id='ewd-ufaq-show-on-load' \/>\n<input type='hidden' name='include_category' value='' id='ewd-ufaq-include-category' \/>\n<input type='hidden' name='exclude_category' value='' id='ewd-ufaq-exclude-category' \/>\n<input type='hidden' name='orderby' value='date' id='ewd-ufaq-orderby' \/>\n<input type='hidden' name='order' value='desc' id='ewd-ufaq-order' \/>\n<input type='hidden' name='post_count' value='-1' id='ewd-ufaq-post-count' \/>\n<input type='hidden' name='current_url' value='\/de\/wp-json\/wp\/v2\/product\/74590' id='ewd-ufaq-current-url' \/>\n\t\n\t\n\t<div class='ewd-ufaq-faqs'>\n\n\t\t<div  class=\"ewd-ufaq-faq-div ewd-ufaq-faq-column-count-two ewd-ufaq-faq-responsive-columns-1 ewd-ufaq-faq-display-style-minimalist ewd-ufaq-can-be-toggled\" id='ewd-ufaq-post-60437-HfaBRzl2gU' data-post_id='60437'>\n\n\t<div class='ewd-ufaq-faq-title ewd-ufaq-faq-toggle'>\n\t\n\t<a class='ewd-ufaq-post-margin'  href='#'>\n\n\t\t<div class='ewd-ufaq-post-margin-symbol ewd-ufaq-square'>\n\t\t\t<span >A<\/span>\n\t\t<\/div>\n\n\t\t<div class='ewd-ufaq-faq-title-text'>\n\n\t\t\t<h3>\n\t\t\t\tIst Le Fondur \u00e0 Cirer notwendig, bevor ein \u00d6l aufgetragen wird?\t\t\t<\/h3>\n\n\t\t<\/div>\n\n\t\t<div class='ewd-ufaq-clear'><\/div>\n\n\t<\/a>\n\t\n<\/div>\n\t\n\t<div class='ewd-ufaq-faq-body ' >\n\n\t\t\n\t\t\t\n\t\t\n\t\t\t<div class='ewd-ufaq-post-margin ewd-ufaq-faq-post'>\n\t<p>Nein, denn \u00d6l wird nur auf unbehandeltes Holz aufgetragen. Das \u00d6l wird das Holz durch S\u00e4ttigung sch\u00fctzen.<\/p>\n<\/div>\n\t\t\n\t\t\t<div class='ewd-ufaq-faq-custom-fields'>\n\n\t\n<\/div>\n\t\t\n\t\t\t\n\t\t\n\t\t\t\n\t\t\n\t\t\t\n\t\t\n\t\t\t\n\t\t\n\t\t\t\n\t\t\n\t\t\t\n\t\t\n\t\t\t\n\t\t\n\t<\/div>\n\n<\/div>\n\t<\/div>\n\n\t\n<\/div>","protected":false},"excerpt":{"rendered":"<p><strong>Le Fondur \u00c0 Cirer<\/strong> s\u2019applique, avant mise en <strong>cire<\/strong>, pour prot\u00e9ger des taches et de l\u2019eau, lisser les fibres du <strong>bois<\/strong> relev\u00e9es par la teinte et offrir une<strong> finition<\/strong> cir\u00e9e d&#8217;exception.<\/p>\n[elementor-template id=\"48459\"]\n","protected":false},"featured_media":74601,"template":"","meta":{"site-sidebar-layout":"default","site-content-layout":"default","ast-site-content-layout":"default","site-content-style":"default","site-sidebar-style":"default","ast-global-header-display":"","ast-banner-title-visibility":"","ast-main-header-display":"","ast-hfb-above-header-display":"","ast-hfb-below-header-display":"","ast-hfb-mobile-header-display":"","site-post-title":"","ast-breadcrumbs-content":"","ast-featured-img":"","footer-sml-layout":"","theme-transparent-header-meta":"default","adv-header-id-meta":"","stick-header-meta":"default","header-above-stick-meta":"","header-main-stick-meta":"","header-below-stick-meta":"","astra-migrate-meta-layouts":"set","ast-page-background-enabled":"default","ast-page-background-meta":{"desktop":{"background-color":"","background-image":"","background-repeat":"repeat","background-position":"center center","background-size":"auto","background-attachment":"scroll","background-type":"","background-media":"","overlay-type":"","overlay-color":"","overlay-gradient":""},"tablet":{"background-color":"","background-image":"","background-repeat":"repeat","background-position":"center center","background-size":"auto","background-attachment":"scroll","background-type":"","background-media":"","overlay-type":"","overlay-color":"","overlay-gradient":""},"mobile":{"background-color":"","background-image":"","background-repeat":"repeat","background-position":"center center","background-size":"auto","background-attachment":"scroll","background-type":"","background-media":"","overlay-type":"","overlay-color":"","overlay-gradient":""}},"ast-content-background-meta":{"desktop":{"background-color":"var(--ast-global-color-5)","background-image":"","background-repeat":"repeat","background-position":"center center","background-size":"auto","background-attachment":"scroll","background-type":"","background-media":"","overlay-type":"","overlay-color":"","overlay-gradient":""},"tablet":{"background-color":"var(--ast-global-color-5)","background-image":"","background-repeat":"repeat","background-position":"center center","background-size":"auto","background-attachment":"scroll","background-type":"","background-media":"","overlay-type":"","overlay-color":"","overlay-gradient":""},"mobile":{"background-color":"var(--ast-global-color-5)","background-image":"","background-repeat":"repeat","background-position":"center center","background-size":"auto","background-attachment":"scroll","background-type":"","background-media":"","overlay-type":"","overlay-color":"","overlay-gradient":""}}},"product_cat":[2849,2835,2839],"product_tag":[],"_links":{"self":[{"href":"https:\/\/www.liberon.ch\/de\/wp-json\/wp\/v2\/product\/74590"}],"collection":[{"href":"https:\/\/www.liberon.ch\/de\/wp-json\/wp\/v2\/product"}],"about":[{"href":"https:\/\/www.liberon.ch\/de\/wp-json\/wp\/v2\/types\/product"}],"version-history":[{"count":0,"href":"https:\/\/www.liberon.ch\/de\/wp-json\/wp\/v2\/product\/74590\/revisions"}],"wp:featuredmedia":[{"embeddable":true,"href":"https:\/\/www.liberon.ch\/de\/wp-json\/wp\/v2\/media\/74601"}],"wp:attachment":[{"href":"https:\/\/www.liberon.ch\/de\/wp-json\/wp\/v2\/media?parent=74590"}],"wp:term":[{"taxonomy":"product_cat","embeddable":true,"href":"https:\/\/www.liberon.ch\/de\/wp-json\/wp\/v2\/product_cat?post=74590"},{"taxonomy":"product_tag","embeddable":true,"href":"https:\/\/www.liberon.ch\/de\/wp-json\/wp\/v2\/product_tag?post=74590"}],"curies":[{"name":"wp","href":"https:\/\/api.w.org\/{rel}","templated":true}]}}