{"id":66758,"date":"2018-09-20T09:24:31","date_gmt":"2021-05-27T09:25:28","guid":{"rendered":"https:\/\/test.liberon.com\/produit\/der-kuenstlerpinsel\/"},"modified":"2021-09-20T15:15:18","modified_gmt":"2021-09-20T13:15:18","slug":"der-kunstlerpinsel","status":"publish","type":"product","link":"https:\/\/www.liberon.ch\/de\/produkt\/der-kunstlerpinsel\/","title":{"rendered":"DER K\u00dcNSTLERPINSEL"},"content":{"rendered":"\t\t<div data-elementor-type=\"wp-post\" data-elementor-id=\"66758\" class=\"elementor elementor-66758 elementor-3656\">\n\t\t\t\t\t\t<section class=\"elementor-section elementor-top-section elementor-element elementor-element-f14a932 elementor-section-boxed elementor-section-height-default elementor-section-height-default\" data-id=\"f14a932\" data-element_type=\"section\">\n\t\t\t\t\t\t<div class=\"elementor-container elementor-column-gap-default\">\n\t\t\t\t\t<div class=\"elementor-column elementor-col-50 elementor-top-column elementor-element elementor-element-650489c\" data-id=\"650489c\" data-element_type=\"column\">\n\t\t\t<div class=\"elementor-widget-wrap elementor-element-populated\">\n\t\t\t\t\t\t<div class=\"elementor-element elementor-element-a1ed00b elementor-widget elementor-widget-image\" data-id=\"a1ed00b\" data-element_type=\"widget\" data-widget_type=\"image.default\">\n\t\t\t\t<div class=\"elementor-widget-container\">\n\t\t\t\t\t\t\t\t\t\t\t\t\t<img  title=\"DER K\u00dcNSTLERPINSEL\" fetchpriority=\"high\" decoding=\"async\" width=\"400\" height=\"400\" src=\"https:\/\/www.liberon.ch\/wp-content\/uploads\/2018\/09\/accessoire-liberon-pinceau-d-artiste-description-1.jpg\" class=\"attachment-large size-large wp-image-66763\" alt=\"DER K\u00dcNSTLERPINSEL\"  srcset=\"https:\/\/www.liberon.ch\/wp-content\/uploads\/2018\/09\/accessoire-liberon-pinceau-d-artiste-description-1.jpg 400w, https:\/\/www.liberon.ch\/wp-content\/uploads\/2018\/09\/accessoire-liberon-pinceau-d-artiste-description-1-200x200.jpg 200w, https:\/\/www.liberon.ch\/wp-content\/uploads\/2018\/09\/accessoire-liberon-pinceau-d-artiste-description-1-350x350.jpg 350w, https:\/\/www.liberon.ch\/wp-content\/uploads\/2018\/09\/accessoire-liberon-pinceau-d-artiste-description-1-150x150.jpg 150w, https:\/\/www.liberon.ch\/wp-content\/uploads\/2018\/09\/accessoire-liberon-pinceau-d-artiste-description-1-300x300.jpg 300w, https:\/\/www.liberon.ch\/wp-content\/uploads\/2018\/09\/accessoire-liberon-pinceau-d-artiste-description-1-75x75.jpg 75w, https:\/\/www.liberon.ch\/wp-content\/uploads\/2018\/09\/accessoire-liberon-pinceau-d-artiste-description-1-100x100.jpg 100w\" sizes=\"(max-width: 400px) 100vw, 400px\" \/>\t\t\t\t\t\t\t\t\t\t\t\t\t<\/div>\n\t\t\t\t<\/div>\n\t\t\t\t\t<\/div>\n\t\t<\/div>\n\t\t\t\t<div class=\"elementor-column elementor-col-50 elementor-top-column elementor-element elementor-element-a29bdde\" data-id=\"a29bdde\" data-element_type=\"column\">\n\t\t\t<div class=\"elementor-widget-wrap elementor-element-populated\">\n\t\t\t\t\t\t<div class=\"elementor-element elementor-element-af3bf4c elementor-widget elementor-widget-text-editor\" data-id=\"af3bf4c\" data-element_type=\"widget\" data-widget_type=\"text-editor.default\">\n\t\t\t\t<div class=\"elementor-widget-container\">\n\t\t\t\t\t\t\t<\/p>\n\t\t\t\t\t\t<\/div>\n\t\t\t\t<\/div>\n\t\t\t\t\t<\/div>\n\t\t<\/div>\n\t\t\t\t\t<\/div>\n\t\t<\/section>\n\t\t\t\t<section class=\"elementor-section elementor-top-section elementor-element elementor-element-b0bc443 elementor-section-boxed elementor-section-height-default elementor-section-height-default\" data-id=\"b0bc443\" data-element_type=\"section\">\n\t\t\t\t\t\t<div class=\"elementor-container elementor-column-gap-default\">\n\t\t\t\t\t<div class=\"elementor-column elementor-col-100 elementor-top-column elementor-element elementor-element-7549d28\" data-id=\"7549d28\" data-element_type=\"column\">\n\t\t\t<div class=\"elementor-widget-wrap elementor-element-populated\">\n\t\t\t\t\t\t<div class=\"elementor-element elementor-element-725e049 elementor-widget elementor-widget-spacer\" data-id=\"725e049\" data-element_type=\"widget\" data-widget_type=\"spacer.default\">\n\t\t\t\t<div class=\"elementor-widget-container\">\n\t\t\t\t\t<div class=\"elementor-spacer\">\n\t\t\t<div class=\"elementor-spacer-inner\"><\/div>\n\t\t<\/div>\n\t\t\t\t<\/div>\n\t\t\t\t<\/div>\n\t\t\t\t\t<\/div>\n\t\t<\/div>\n\t\t\t\t\t<\/div>\n\t\t<\/section>\n\t\t\t\t<section class=\"elementor-section elementor-top-section elementor-element elementor-element-d0fd703 elementor-section-boxed elementor-section-height-default elementor-section-height-default\" data-id=\"d0fd703\" data-element_type=\"section\">\n\t\t\t\t\t\t<div class=\"elementor-container elementor-column-gap-default\">\n\t\t\t\t\t<div class=\"elementor-column elementor-col-33 elementor-top-column elementor-element elementor-element-1572b52d\" data-id=\"1572b52d\" data-element_type=\"column\" data-settings=\"{&quot;background_background&quot;:&quot;classic&quot;}\">\n\t\t\t<div class=\"elementor-widget-wrap elementor-element-populated\">\n\t\t\t\t\t\t<div class=\"elementor-element elementor-element-112de085 elementor-view-default elementor-position-top elementor-mobile-position-top elementor-widget elementor-widget-icon-box\" data-id=\"112de085\" data-element_type=\"widget\" data-widget_type=\"icon-box.default\">\n\t\t\t\t<div class=\"elementor-widget-container\">\n\t\t\t\t\t<div class=\"elementor-icon-box-wrapper\">\n\t\t\t\t\t\t<div class=\"elementor-icon-box-icon\">\n\t\t\t\t<a href=\"https:\/\/www.liberon.fr\/contact\/\" class=\"elementor-icon elementor-animation-\" tabindex=\"-1\">\n\t\t\t\t<i class=\"fa fa-question\" aria-hidden=\"true\"><\/i>\t\t\t\t<\/a>\n\t\t\t<\/div>\n\t\t\t\t\t\t<div class=\"elementor-icon-box-content\">\n\t\t\t\t<p class=\"elementor-icon-box-title\">\n\t\t\t\t\t<a href=\"https:\/\/www.liberon.fr\/contact\/\" >\n\t\t\t\t\t\tBrauchen Sie einen Rat?\t\t\t\t\t<\/a>\n\t\t\t\t<\/p>\n\t\t\t\t\t\t\t\t\t<p class=\"elementor-icon-box-description\">\n\t\t\t\t\t\tUnsere Experten f\u00fcr Lib\u00e9ron-Farben antworten Ihnen per E-Mail oder Telefon, um Ihnen bei Ihrem Renovierungsprojekt zu helfen.\t\t\t\t\t<\/p>\n\t\t\t\t\t\t\t<\/div>\n\t\t<\/div>\n\t\t\t\t<\/div>\n\t\t\t\t<\/div>\n\t\t\t\t<div class=\"elementor-element elementor-element-43cccbbb elementor-align-center elementor-button-info classe-bouton elementor-widget elementor-widget-button\" data-id=\"43cccbbb\" data-element_type=\"widget\" id=\"mon-id\" data-widget_type=\"button.default\">\n\t\t\t\t<div class=\"elementor-widget-container\">\n\t\t\t\t\t<div class=\"elementor-button-wrapper\">\n\t\t\t<a class=\"elementor-button elementor-button-link elementor-size-sm\" href=\"https:\/\/www.liberon.fr\/contact\/\">\n\t\t\t\t\t\t<span class=\"elementor-button-content-wrapper\">\n\t\t\t\t\t\t<span class=\"elementor-button-icon elementor-align-icon-left\">\n\t\t\t\t\t\t\t\t\t<i class=\"fa fa-phone\" aria-hidden=\"true\"><\/i>\n\t\t\t\t\t\t\t<\/span>\n\t\t\t\t\t\t<span class=\"elementor-button-text\">DEN BERATUNGSSERVICE KONTAKTIEREN<\/span>\n\t\t<\/span>\n\t\t\t\t\t<\/a>\n\t\t<\/div>\n\t\t\t\t<\/div>\n\t\t\t\t<\/div>\n\t\t\t\t\t<\/div>\n\t\t<\/div>\n\t\t\t\t<div class=\"elementor-column elementor-col-33 elementor-top-column elementor-element elementor-element-55fc86d\" data-id=\"55fc86d\" data-element_type=\"column\">\n\t\t\t<div class=\"elementor-widget-wrap elementor-element-populated\">\n\t\t\t\t\t\t<div class=\"elementor-element elementor-element-562694bc elementor-view-default elementor-position-top elementor-mobile-position-top elementor-widget elementor-widget-icon-box\" data-id=\"562694bc\" data-element_type=\"widget\" data-widget_type=\"icon-box.default\">\n\t\t\t\t<div class=\"elementor-widget-container\">\n\t\t\t\t\t<div class=\"elementor-icon-box-wrapper\">\n\t\t\t\t\t\t<div class=\"elementor-icon-box-icon\">\n\t\t\t\t<span  class=\"elementor-icon elementor-animation-\">\n\t\t\t\t<i aria-hidden=\"true\" class=\"fas fa-star\"><\/i>\t\t\t\t<\/span>\n\t\t\t<\/div>\n\t\t\t\t\t\t<div class=\"elementor-icon-box-content\">\n\t\t\t\t<p class=\"elementor-icon-box-title\">\n\t\t\t\t\t<span  >\n\t\t\t\t\t\tDas Geheimnis von Lib\u00e9ron\t\t\t\t\t<\/span>\n\t\t\t\t<\/p>\n\t\t\t\t\t\t\t\t\t<p class=\"elementor-icon-box-description\">\n\t\t\t\t\t\tMit seiner kleinen B\u00fcrste erm\u00f6glicht der Flachpinsel ein pr\u00e4zises, sorgf\u00e4ltiges Farbergebnis.\n\n\t\t\t\t\t<\/p>\n\t\t\t\t\t\t\t<\/div>\n\t\t<\/div>\n\t\t\t\t<\/div>\n\t\t\t\t<\/div>\n\t\t\t\t\t<\/div>\n\t\t<\/div>\n\t\t\t\t<div class=\"elementor-column elementor-col-33 elementor-top-column elementor-element elementor-element-2a68ae5f\" data-id=\"2a68ae5f\" data-element_type=\"column\">\n\t\t\t<div class=\"elementor-widget-wrap elementor-element-populated\">\n\t\t\t\t\t\t<div class=\"elementor-element elementor-element-5401f304 elementor-view-default elementor-position-top elementor-mobile-position-top elementor-widget elementor-widget-icon-box\" data-id=\"5401f304\" data-element_type=\"widget\" data-widget_type=\"icon-box.default\">\n\t\t\t\t<div class=\"elementor-widget-container\">\n\t\t\t\t\t<div class=\"elementor-icon-box-wrapper\">\n\t\t\t\t\t\t<div class=\"elementor-icon-box-icon\">\n\t\t\t\t<span  class=\"elementor-icon elementor-animation-\">\n\t\t\t\t<i class=\"fa fa-map-marker\" aria-hidden=\"true\"><\/i>\t\t\t\t<\/span>\n\t\t\t<\/div>\n\t\t\t\t\t\t<div class=\"elementor-icon-box-content\">\n\t\t\t\t<p class=\"elementor-icon-box-title\">\n\t\t\t\t\t<span  >\n\t\t\t\t\t\tWo sind unsere Produkte erh\u00e4ltlich?\t\t\t\t\t<\/span>\n\t\t\t\t<\/p>\n\t\t\t\t\t\t\t\t\t<p class=\"elementor-icon-box-description\">\n\t\t\t\t\t\tEntdecken Sie die Produkte von Lib\u00e9ron in unserem Verkaufsstellennetz.\t\t\t\t\t<\/p>\n\t\t\t\t\t\t\t<\/div>\n\t\t<\/div>\n\t\t\t\t<\/div>\n\t\t\t\t<\/div>\n\t\t\t\t<div class=\"elementor-element elementor-element-1b93dc10 elementor-align-center elementor-button-info classe-bouton elementor-widget elementor-widget-button\" data-id=\"1b93dc10\" data-element_type=\"widget\" id=\"mon-id\" data-widget_type=\"button.default\">\n\t\t\t\t<div class=\"elementor-widget-container\">\n\t\t\t\t\t<div class=\"elementor-button-wrapper\">\n\t\t\t<a class=\"elementor-button elementor-button-link elementor-size-sm\" href=\"https:\/\/test.liberon.com\/de\/verkaufsstellen\/\">\n\t\t\t\t\t\t<span class=\"elementor-button-content-wrapper\">\n\t\t\t\t\t\t<span class=\"elementor-button-icon elementor-align-icon-left\">\n\t\t\t\t\t\t\t\t\t<i class=\"fa fa-map-marker\" aria-hidden=\"true\"><\/i>\n\t\t\t\t\t\t\t<\/span>\n\t\t\t\t\t\t<span class=\"elementor-button-text\">EINE VERKAUFSSTELLE FINDEN<\/span>\n\t\t<\/span>\n\t\t\t\t\t<\/a>\n\t\t<\/div>\n\t\t\t\t<\/div>\n\t\t\t\t<\/div>\n\t\t\t\t\t<\/div>\n\t\t<\/div>\n\t\t\t\t\t<\/div>\n\t\t<\/section>\n\t\t\t\t<\/div>\n\t\t","protected":false},"excerpt":{"rendered":"<p>Mit seinen hellen Naturborsten ist der <strong>K\u00fcnstlerpinsel Lib\u00e9ron<\/strong> ideal zum Streichen von Ausbesserungen, Reliefs, Ecken, kleinen Objekten&#8230;<\/p>\n<p>Breite: 20mm<\/p>\n[elementor-template id=\"48459\"]\n","protected":false},"featured_media":70749,"template":"","meta":{"site-sidebar-layout":"default","site-content-layout":"default","ast-site-content-layout":"","site-content-style":"default","site-sidebar-style":"default","ast-global-header-display":"","ast-banner-title-visibility":"","ast-main-header-display":"","ast-hfb-above-header-display":"","ast-hfb-below-header-display":"","ast-hfb-mobile-header-display":"","site-post-title":"","ast-breadcrumbs-content":"","ast-featured-img":"","footer-sml-layout":"","theme-transparent-header-meta":"default","adv-header-id-meta":"","stick-header-meta":"default","header-above-stick-meta":"","header-main-stick-meta":"","header-below-stick-meta":"","astra-migrate-meta-layouts":"default","ast-page-background-enabled":"default","ast-page-background-meta":{"desktop":{"background-color":"","background-image":"","background-repeat":"repeat","background-position":"center center","background-size":"auto","background-attachment":"scroll","background-type":"","background-media":"","overlay-type":"","overlay-color":"","overlay-gradient":""},"tablet":{"background-color":"","background-image":"","background-repeat":"repeat","background-position":"center center","background-size":"auto","background-attachment":"scroll","background-type":"","background-media":"","overlay-type":"","overlay-color":"","overlay-gradient":""},"mobile":{"background-color":"","background-image":"","background-repeat":"repeat","background-position":"center center","background-size":"auto","background-attachment":"scroll","background-type":"","background-media":"","overlay-type":"","overlay-color":"","overlay-gradient":""}},"ast-content-background-meta":{"desktop":{"background-color":"var(--ast-global-color-5)","background-image":"","background-repeat":"repeat","background-position":"center center","background-size":"auto","background-attachment":"scroll","background-type":"","background-media":"","overlay-type":"","overlay-color":"","overlay-gradient":""},"tablet":{"background-color":"var(--ast-global-color-5)","background-image":"","background-repeat":"repeat","background-position":"center center","background-size":"auto","background-attachment":"scroll","background-type":"","background-media":"","overlay-type":"","overlay-color":"","overlay-gradient":""},"mobile":{"background-color":"var(--ast-global-color-5)","background-image":"","background-repeat":"repeat","background-position":"center center","background-size":"auto","background-attachment":"scroll","background-type":"","background-media":"","overlay-type":"","overlay-color":"","overlay-gradient":""}}},"product_cat":[3209,3087,2985],"product_tag":[],"_links":{"self":[{"href":"https:\/\/www.liberon.ch\/de\/wp-json\/wp\/v2\/product\/66758"}],"collection":[{"href":"https:\/\/www.liberon.ch\/de\/wp-json\/wp\/v2\/product"}],"about":[{"href":"https:\/\/www.liberon.ch\/de\/wp-json\/wp\/v2\/types\/product"}],"version-history":[{"count":0,"href":"https:\/\/www.liberon.ch\/de\/wp-json\/wp\/v2\/product\/66758\/revisions"}],"wp:featuredmedia":[{"embeddable":true,"href":"https:\/\/www.liberon.ch\/de\/wp-json\/wp\/v2\/media\/70749"}],"wp:attachment":[{"href":"https:\/\/www.liberon.ch\/de\/wp-json\/wp\/v2\/media?parent=66758"}],"wp:term":[{"taxonomy":"product_cat","embeddable":true,"href":"https:\/\/www.liberon.ch\/de\/wp-json\/wp\/v2\/product_cat?post=66758"},{"taxonomy":"product_tag","embeddable":true,"href":"https:\/\/www.liberon.ch\/de\/wp-json\/wp\/v2\/product_tag?post=66758"}],"curies":[{"name":"wp","href":"https:\/\/api.w.org\/{rel}","templated":true}]}}