{"id":66748,"date":"2018-09-20T08:50:36","date_gmt":"2021-05-27T09:25:21","guid":{"rendered":"https:\/\/test.liberon.com\/produit\/der-flachpinsel-40-mm\/"},"modified":"2022-07-20T12:56:50","modified_gmt":"2022-07-20T10:56:50","slug":"der-flachpinsel-40mm","status":"publish","type":"product","link":"https:\/\/www.liberon.ch\/de\/produkt\/der-flachpinsel-40mm\/","title":{"rendered":"Der Flachpinsel 40MM"},"content":{"rendered":"\t\t<div data-elementor-type=\"wp-post\" data-elementor-id=\"66748\" class=\"elementor elementor-66748\">\n\t\t\t\t\t\t<section class=\"elementor-section elementor-top-section elementor-element elementor-element-010f029 elementor-section-boxed elementor-section-height-default elementor-section-height-default\" data-id=\"010f029\" data-element_type=\"section\">\n\t\t\t\t\t\t<div class=\"elementor-container elementor-column-gap-default\">\n\t\t\t\t\t<div class=\"elementor-column elementor-col-50 elementor-top-column elementor-element elementor-element-3ed49c3\" data-id=\"3ed49c3\" data-element_type=\"column\">\n\t\t\t<div class=\"elementor-widget-wrap elementor-element-populated\">\n\t\t\t\t\t\t<div class=\"elementor-element elementor-element-db23010 elementor-widget elementor-widget-image\" data-id=\"db23010\" data-element_type=\"widget\" data-widget_type=\"image.default\">\n\t\t\t\t<div class=\"elementor-widget-container\">\n\t\t\t\t\t\t\t\t\t\t\t\t\t<img  title=\"Der Flachpinsel 40MM\" fetchpriority=\"high\" decoding=\"async\" width=\"400\" height=\"400\" src=\"https:\/\/www.liberon.ch\/wp-content\/uploads\/2018\/09\/accessoire-liberon-pinceau-plat-description-2.jpg\" class=\"attachment-large size-large wp-image-3764\" alt=\"Der Flachpinsel 40MM\"  srcset=\"https:\/\/www.liberon.ch\/wp-content\/uploads\/2018\/09\/accessoire-liberon-pinceau-plat-description-2.jpg 400w, https:\/\/www.liberon.ch\/wp-content\/uploads\/2018\/09\/accessoire-liberon-pinceau-plat-description-2-200x200.jpg 200w, https:\/\/www.liberon.ch\/wp-content\/uploads\/2018\/09\/accessoire-liberon-pinceau-plat-description-2-350x350.jpg 350w, https:\/\/www.liberon.ch\/wp-content\/uploads\/2018\/09\/accessoire-liberon-pinceau-plat-description-2-150x150.jpg 150w, https:\/\/www.liberon.ch\/wp-content\/uploads\/2018\/09\/accessoire-liberon-pinceau-plat-description-2-300x300.jpg 300w, https:\/\/www.liberon.ch\/wp-content\/uploads\/2018\/09\/accessoire-liberon-pinceau-plat-description-2-75x75.jpg 75w, https:\/\/www.liberon.ch\/wp-content\/uploads\/2018\/09\/accessoire-liberon-pinceau-plat-description-2-100x100.jpg 100w\" sizes=\"(max-width: 400px) 100vw, 400px\" \/>\t\t\t\t\t\t\t\t\t\t\t\t\t<\/div>\n\t\t\t\t<\/div>\n\t\t\t\t\t<\/div>\n\t\t<\/div>\n\t\t\t\t<div class=\"elementor-column elementor-col-50 elementor-top-column elementor-element elementor-element-6b39f25\" data-id=\"6b39f25\" data-element_type=\"column\">\n\t\t\t<div class=\"elementor-widget-wrap elementor-element-populated\">\n\t\t\t\t\t\t<div class=\"elementor-element elementor-element-5d8d367 elementor-widget elementor-widget-text-editor\" data-id=\"5d8d367\" data-element_type=\"widget\" data-widget_type=\"text-editor.default\">\n\t\t\t\t<div class=\"elementor-widget-container\">\n\t\t\t\t\t\t\t<p>En soies naturelles blondes, <strong>le Pinceau Plat<\/strong> est id\u00e9al pour appliquer <span style=\"text-decoration: underline;\"><a href=\"https:\/\/www.liberon.fr\/produit\/la-peinture-meuble-a-base-de-caseine\/\">La Peinture Meuble \u00c0 Base De Cas\u00e9ine<\/a><\/span>.<\/p>\t\t\t\t\t\t<\/div>\n\t\t\t\t<\/div>\n\t\t\t\t\t<\/div>\n\t\t<\/div>\n\t\t\t\t\t<\/div>\n\t\t<\/section>\n\t\t\t\t<section class=\"elementor-section elementor-top-section elementor-element elementor-element-2c1f3b1 elementor-section-boxed elementor-section-height-default elementor-section-height-default\" data-id=\"2c1f3b1\" data-element_type=\"section\">\n\t\t\t\t\t\t<div class=\"elementor-container elementor-column-gap-default\">\n\t\t\t\t\t<div class=\"elementor-column elementor-col-100 elementor-top-column elementor-element elementor-element-cf9519a\" data-id=\"cf9519a\" data-element_type=\"column\">\n\t\t\t<div class=\"elementor-widget-wrap elementor-element-populated\">\n\t\t\t\t\t\t<div class=\"elementor-element elementor-element-e802a81 elementor-widget elementor-widget-spacer\" data-id=\"e802a81\" data-element_type=\"widget\" data-widget_type=\"spacer.default\">\n\t\t\t\t<div class=\"elementor-widget-container\">\n\t\t\t\t\t<div class=\"elementor-spacer\">\n\t\t\t<div class=\"elementor-spacer-inner\"><\/div>\n\t\t<\/div>\n\t\t\t\t<\/div>\n\t\t\t\t<\/div>\n\t\t\t\t\t<\/div>\n\t\t<\/div>\n\t\t\t\t\t<\/div>\n\t\t<\/section>\n\t\t\t\t<section class=\"elementor-section elementor-top-section elementor-element elementor-element-d0fd703 elementor-section-boxed elementor-section-height-default elementor-section-height-default\" data-id=\"d0fd703\" data-element_type=\"section\">\n\t\t\t\t\t\t<div class=\"elementor-container elementor-column-gap-default\">\n\t\t\t\t\t<div class=\"elementor-column elementor-col-33 elementor-top-column elementor-element elementor-element-1572b52d\" data-id=\"1572b52d\" data-element_type=\"column\" data-settings=\"{&quot;background_background&quot;:&quot;classic&quot;}\">\n\t\t\t<div class=\"elementor-widget-wrap elementor-element-populated\">\n\t\t\t\t\t\t<div class=\"elementor-element elementor-element-112de085 elementor-view-default elementor-position-top elementor-mobile-position-top elementor-widget elementor-widget-icon-box\" data-id=\"112de085\" data-element_type=\"widget\" data-widget_type=\"icon-box.default\">\n\t\t\t\t<div class=\"elementor-widget-container\">\n\t\t\t\t\t<div class=\"elementor-icon-box-wrapper\">\n\t\t\t\t\t\t<div class=\"elementor-icon-box-icon\">\n\t\t\t\t<a href=\"https:\/\/www.liberon.fr\/contact\/\" class=\"elementor-icon elementor-animation-\" tabindex=\"-1\">\n\t\t\t\t<i class=\"fa fa-question\" aria-hidden=\"true\"><\/i>\t\t\t\t<\/a>\n\t\t\t<\/div>\n\t\t\t\t\t\t<div class=\"elementor-icon-box-content\">\n\t\t\t\t<p class=\"elementor-icon-box-title\">\n\t\t\t\t\t<a href=\"https:\/\/www.liberon.fr\/contact\/\" >\n\t\t\t\t\t\tBesoin de conseils ?\t\t\t\t\t<\/a>\n\t\t\t\t<\/p>\n\t\t\t\t\t\t\t\t\t<p class=\"elementor-icon-box-description\">\n\t\t\t\t\t\tNos experts Lib\u00e9ron vous r\u00e9pondent par mail ou par t\u00e9l\u00e9phone pour vous aider dans votre projet de r\u00e9novation.\t\t\t\t\t<\/p>\n\t\t\t\t\t\t\t<\/div>\n\t\t<\/div>\n\t\t\t\t<\/div>\n\t\t\t\t<\/div>\n\t\t\t\t<div class=\"elementor-element elementor-element-43cccbbb elementor-align-center elementor-button-info classe-bouton elementor-widget elementor-widget-button\" data-id=\"43cccbbb\" data-element_type=\"widget\" id=\"mon-id\" data-widget_type=\"button.default\">\n\t\t\t\t<div class=\"elementor-widget-container\">\n\t\t\t\t\t<div class=\"elementor-button-wrapper\">\n\t\t\t<a class=\"elementor-button elementor-button-link elementor-size-sm\" href=\"https:\/\/www.liberon.fr\/contact\/\">\n\t\t\t\t\t\t<span class=\"elementor-button-content-wrapper\">\n\t\t\t\t\t\t<span class=\"elementor-button-icon elementor-align-icon-left\">\n\t\t\t\t\t\t\t\t\t<i class=\"fa fa-phone\" aria-hidden=\"true\"><\/i>\n\t\t\t\t\t\t\t<\/span>\n\t\t\t\t\t\t<span class=\"elementor-button-text\">CONTACTER LE SERVICE CONSEIL<\/span>\n\t\t<\/span>\n\t\t\t\t\t<\/a>\n\t\t<\/div>\n\t\t\t\t<\/div>\n\t\t\t\t<\/div>\n\t\t\t\t\t<\/div>\n\t\t<\/div>\n\t\t\t\t<div class=\"elementor-column elementor-col-33 elementor-top-column elementor-element elementor-element-55fc86d\" data-id=\"55fc86d\" data-element_type=\"column\">\n\t\t\t<div class=\"elementor-widget-wrap elementor-element-populated\">\n\t\t\t\t\t\t<div class=\"elementor-element elementor-element-562694bc elementor-view-default elementor-position-top elementor-mobile-position-top elementor-widget elementor-widget-icon-box\" data-id=\"562694bc\" data-element_type=\"widget\" data-widget_type=\"icon-box.default\">\n\t\t\t\t<div class=\"elementor-widget-container\">\n\t\t\t\t\t<div class=\"elementor-icon-box-wrapper\">\n\t\t\t\t\t\t<div class=\"elementor-icon-box-icon\">\n\t\t\t\t<a href=\"https:\/\/www.liberon.fr\/produit\/la-peinture-meuble-a-base-de-caseine\/\" class=\"elementor-icon elementor-animation-\" tabindex=\"-1\">\n\t\t\t\t<i aria-hidden=\"true\" class=\"fas fa-star\"><\/i>\t\t\t\t<\/a>\n\t\t\t<\/div>\n\t\t\t\t\t\t<div class=\"elementor-icon-box-content\">\n\t\t\t\t<p class=\"elementor-icon-box-title\">\n\t\t\t\t\t<a href=\"https:\/\/www.liberon.fr\/produit\/la-peinture-meuble-a-base-de-caseine\/\" >\n\t\t\t\t\t\tLe secret Lib\u00e9ron\t\t\t\t\t<\/a>\n\t\t\t\t<\/p>\n\t\t\t\t\t\t\t\t\t<p class=\"elementor-icon-box-description\">\n\t\t\t\t\t\tUne fois LA PEINTURE MEUBLE \u00c0 BASE DE CAS\u00c9INE appliqu\u00e9e, nettoyez votre pinceau \u00e0 l'eau savonneuse.\t\t\t\t\t<\/p>\n\t\t\t\t\t\t\t<\/div>\n\t\t<\/div>\n\t\t\t\t<\/div>\n\t\t\t\t<\/div>\n\t\t\t\t\t<\/div>\n\t\t<\/div>\n\t\t\t\t<div class=\"elementor-column elementor-col-33 elementor-top-column elementor-element elementor-element-2a68ae5f\" data-id=\"2a68ae5f\" data-element_type=\"column\">\n\t\t\t<div class=\"elementor-widget-wrap elementor-element-populated\">\n\t\t\t\t\t\t<div class=\"elementor-element elementor-element-5401f304 elementor-view-default elementor-position-top elementor-mobile-position-top elementor-widget elementor-widget-icon-box\" data-id=\"5401f304\" data-element_type=\"widget\" data-widget_type=\"icon-box.default\">\n\t\t\t\t<div class=\"elementor-widget-container\">\n\t\t\t\t\t<div class=\"elementor-icon-box-wrapper\">\n\t\t\t\t\t\t<div class=\"elementor-icon-box-icon\">\n\t\t\t\t<a href=\"https:\/\/www.liberon.fr\/points-de-vente\/\" class=\"elementor-icon elementor-animation-\" tabindex=\"-1\">\n\t\t\t\t<i class=\"fa fa-map-marker\" aria-hidden=\"true\"><\/i>\t\t\t\t<\/a>\n\t\t\t<\/div>\n\t\t\t\t\t\t<div class=\"elementor-icon-box-content\">\n\t\t\t\t<p class=\"elementor-icon-box-title\">\n\t\t\t\t\t<a href=\"https:\/\/www.liberon.fr\/points-de-vente\/\" >\n\t\t\t\t\t\tO\u00f9 acheter ?\t\t\t\t\t<\/a>\n\t\t\t\t<\/p>\n\t\t\t\t\t\t\t\t\t<p class=\"elementor-icon-box-description\">\n\t\t\t\t\t\tD\u00e9couvrez les produits Lib\u00e9ron dans notre r\u00e9seau de points de vente en France.\t\t\t\t\t<\/p>\n\t\t\t\t\t\t\t<\/div>\n\t\t<\/div>\n\t\t\t\t<\/div>\n\t\t\t\t<\/div>\n\t\t\t\t<div class=\"elementor-element elementor-element-1b93dc10 elementor-align-center elementor-button-info classe-bouton elementor-widget elementor-widget-button\" data-id=\"1b93dc10\" data-element_type=\"widget\" id=\"mon-id\" data-widget_type=\"button.default\">\n\t\t\t\t<div class=\"elementor-widget-container\">\n\t\t\t\t\t<div class=\"elementor-button-wrapper\">\n\t\t\t<a class=\"elementor-button elementor-button-link elementor-size-sm\" href=\"https:\/\/liberon.ch\/de\/verkaufsstellen\/\">\n\t\t\t\t\t\t<span class=\"elementor-button-content-wrapper\">\n\t\t\t\t\t\t<span class=\"elementor-button-icon elementor-align-icon-left\">\n\t\t\t\t\t\t\t\t\t<i class=\"fa fa-map-marker\" aria-hidden=\"true\"><\/i>\n\t\t\t\t\t\t\t<\/span>\n\t\t\t\t\t\t<span class=\"elementor-button-text\">TROUVER UN POINT DE VENTE<\/span>\n\t\t<\/span>\n\t\t\t\t\t<\/a>\n\t\t<\/div>\n\t\t\t\t<\/div>\n\t\t\t\t<\/div>\n\t\t\t\t\t<\/div>\n\t\t<\/div>\n\t\t\t\t\t<\/div>\n\t\t<\/section>\n\t\t\t\t<\/div>\n\t\t","protected":false},"excerpt":{"rendered":"<p>En soies naturelles blondes, le <strong>Pinceau Plat Lib\u00e9ron<\/strong> est parfaitement adapt\u00e9 pour appliquer <a href=\"https:\/\/test.liberon.com\/produit\/la-peinture-meuble-a-base-de-caseine\/\">La Peinture Meuble \u00c0 Base de Cas\u00e9ine<\/a> !<\/p>\n<p>Dimensions: 40mm<\/p>\n[elementor-template id=\"48459\"]\n","protected":false},"featured_media":66756,"template":"","meta":{"site-sidebar-layout":"default","site-content-layout":"default","ast-site-content-layout":"","site-content-style":"default","site-sidebar-style":"default","ast-global-header-display":"","ast-banner-title-visibility":"","ast-main-header-display":"","ast-hfb-above-header-display":"","ast-hfb-below-header-display":"","ast-hfb-mobile-header-display":"","site-post-title":"","ast-breadcrumbs-content":"","ast-featured-img":"","footer-sml-layout":"","theme-transparent-header-meta":"default","adv-header-id-meta":"","stick-header-meta":"default","header-above-stick-meta":"","header-main-stick-meta":"","header-below-stick-meta":"","astra-migrate-meta-layouts":"default","ast-page-background-enabled":"default","ast-page-background-meta":{"desktop":{"background-color":"","background-image":"","background-repeat":"repeat","background-position":"center center","background-size":"auto","background-attachment":"scroll","background-type":"","background-media":"","overlay-type":"","overlay-color":"","overlay-gradient":""},"tablet":{"background-color":"","background-image":"","background-repeat":"repeat","background-position":"center center","background-size":"auto","background-attachment":"scroll","background-type":"","background-media":"","overlay-type":"","overlay-color":"","overlay-gradient":""},"mobile":{"background-color":"","background-image":"","background-repeat":"repeat","background-position":"center center","background-size":"auto","background-attachment":"scroll","background-type":"","background-media":"","overlay-type":"","overlay-color":"","overlay-gradient":""}},"ast-content-background-meta":{"desktop":{"background-color":"var(--ast-global-color-5)","background-image":"","background-repeat":"repeat","background-position":"center center","background-size":"auto","background-attachment":"scroll","background-type":"","background-media":"","overlay-type":"","overlay-color":"","overlay-gradient":""},"tablet":{"background-color":"var(--ast-global-color-5)","background-image":"","background-repeat":"repeat","background-position":"center center","background-size":"auto","background-attachment":"scroll","background-type":"","background-media":"","overlay-type":"","overlay-color":"","overlay-gradient":""},"mobile":{"background-color":"var(--ast-global-color-5)","background-image":"","background-repeat":"repeat","background-position":"center center","background-size":"auto","background-attachment":"scroll","background-type":"","background-media":"","overlay-type":"","overlay-color":"","overlay-gradient":""}}},"product_cat":[3209,3087,2985],"product_tag":[],"_links":{"self":[{"href":"https:\/\/www.liberon.ch\/de\/wp-json\/wp\/v2\/product\/66748"}],"collection":[{"href":"https:\/\/www.liberon.ch\/de\/wp-json\/wp\/v2\/product"}],"about":[{"href":"https:\/\/www.liberon.ch\/de\/wp-json\/wp\/v2\/types\/product"}],"version-history":[{"count":0,"href":"https:\/\/www.liberon.ch\/de\/wp-json\/wp\/v2\/product\/66748\/revisions"}],"wp:featuredmedia":[{"embeddable":true,"href":"https:\/\/www.liberon.ch\/de\/wp-json\/wp\/v2\/media\/66756"}],"wp:attachment":[{"href":"https:\/\/www.liberon.ch\/de\/wp-json\/wp\/v2\/media?parent=66748"}],"wp:term":[{"taxonomy":"product_cat","embeddable":true,"href":"https:\/\/www.liberon.ch\/de\/wp-json\/wp\/v2\/product_cat?post=66748"},{"taxonomy":"product_tag","embeddable":true,"href":"https:\/\/www.liberon.ch\/de\/wp-json\/wp\/v2\/product_tag?post=66748"}],"curies":[{"name":"wp","href":"https:\/\/api.w.org\/{rel}","templated":true}]}}