{"id":63679,"date":"2019-03-14T09:56:54","date_gmt":"2021-05-27T08:26:40","guid":{"rendered":"https:\/\/test.liberon.com\/produit\/holzpaste\/"},"modified":"2025-01-17T16:19:57","modified_gmt":"2025-01-17T15:19:57","slug":"holzpaste","status":"publish","type":"product","link":"https:\/\/www.liberon.ch\/de\/produkt\/holzpaste\/","title":{"rendered":"HOLZPASTE"},"content":{"rendered":"<style>.ewd-ufaq-post-margin-symbol { color: #be965c !important; }.ewd-ufaq-post-margin-symbol { font-size: 18 !important; }div.ewd-ufaq-faq-title h3 { font-size: 18px !important; }div.ewd-ufaq-faq-post p { color: #50748a !important; }.ufaq-faq-category-title h3 {\ntext-transform:uppercase;\npadding:25px;\n}\n\n.ufaq-faq-category-title a {\ntext-transform:none;\n}\n\n#ewd-ufaq-title-explanation,#ewd-faq-author-explanation {\ndisplay:none;\n}\n\ninput#ufaq-ajax-text-input {\nborder:1px solid #d2d2d2;\nfont-size:15px!important;\nwidth:auto!important;\npadding:7px 12px;\nmargin:0;\n}\n\n.ewd-ufaq-review-input input,#ewd-faq-review-author-input input,.ewd-ufaq-question-form #submit {\nborder:1px solid #d2d2d2;\npadding:7px 12px;\nfont-size:100%;\nmargin:0;\n}\n\n#ufaq-ajax-search-btn {\ndisplay:none;\n}<\/style><div  class=\"ewd-ufaq-faq-list ewd-ufaq-page-type-infinite_scroll\" id='ewd-ufaq-faq-list'>\n\n\t<input type='hidden' name='show_on_load' value='' id='ewd-ufaq-show-on-load' \/>\n<input type='hidden' name='include_category' value='' id='ewd-ufaq-include-category' \/>\n<input type='hidden' name='exclude_category' value='' id='ewd-ufaq-exclude-category' \/>\n<input type='hidden' name='orderby' value='date' id='ewd-ufaq-orderby' \/>\n<input type='hidden' name='order' value='desc' id='ewd-ufaq-order' \/>\n<input type='hidden' name='post_count' value='-1' id='ewd-ufaq-post-count' \/>\n<input type='hidden' name='current_url' value='\/de\/wp-json\/wp\/v2\/product\/63679' id='ewd-ufaq-current-url' \/>\n\t\n\t\n\t<div class='ewd-ufaq-faqs'>\n\n\t\t<div  class=\"ewd-ufaq-faq-div ewd-ufaq-faq-column-count-two ewd-ufaq-faq-responsive-columns-1 ewd-ufaq-faq-display-style-minimalist ewd-ufaq-can-be-toggled\" id='ewd-ufaq-post-60026-nQAWtrjSmz' data-post_id='60026'>\n\n\t<div class='ewd-ufaq-faq-title ewd-ufaq-faq-toggle'>\n\t\n\t<a class='ewd-ufaq-post-margin'  href='#'>\n\n\t\t<div class='ewd-ufaq-post-margin-symbol ewd-ufaq-square'>\n\t\t\t<span >A<\/span>\n\t\t<\/div>\n\n\t\t<div class='ewd-ufaq-faq-title-text'>\n\n\t\t\t<h3>\n\t\t\t\tWenn ich eine Beize auftrage, wird die Holzpaste nicht gef\u00e4rbt. Ist das normal?\t\t\t<\/h3>\n\n\t\t<\/div>\n\n\t\t<div class='ewd-ufaq-clear'><\/div>\n\n\t<\/a>\n\t\n<\/div>\n\t\n\t<div class='ewd-ufaq-faq-body ' >\n\n\t\t\n\t\t\t\n\t\t\n\t\t\t<div class='ewd-ufaq-post-margin ewd-ufaq-faq-post'>\n\t<p>Wenn Sie die <a href=\"https:\/\/test.liberon.com\/produit\/pate-a-bois\/\"><span style=\"text-decoration: underline\">Holzpaste<\/span><\/a> neutral auf altem dunklem Holz aufgetragen haben, kann es sein, dass der Farbunterschied sichtbar ist. Wir raten deshalb, immer eine Beize mit demselben oder einem dunkleren Farbton als das Holz zu verwenden.<\/p>\n<\/div>\n\t\t\n\t\t\t<div class='ewd-ufaq-faq-custom-fields'>\n\n\t\n<\/div>\n\t\t\n\t\t\t\n\t\t\n\t\t\t\n\t\t\n\t\t\t\n\t\t\n\t\t\t\n\t\t\n\t\t\t\n\t\t\n\t\t\t\n\t\t\n\t\t\t\n\t\t\n\t<\/div>\n\n<\/div>\n\t<\/div>\n\n\t\n<\/div>","protected":false},"excerpt":{"rendered":"<p>Mit der <strong>Holzpaste<\/strong> k\u00f6nnen Sie kleine L\u00f6cher, Risse, Absplitterungen, Unebenheiten\u2026 ganz einfach verschlie\u00dfen, um diskrete, perfekte Reparaturen auf allen Holzarten und Holzwerkstoffen, auch auf <strong>Parkett<\/strong> auszuf\u00fchren.<br \/>\nNach dem Trocken kann die Holzpaste geschliffen und gefeilt werden und sie h\u00e4lt N\u00e4gel und Schrauben. M\u00f6bel, T\u00e4felungen und <strong>Parkett<\/strong> k\u00f6nnen dann mit Beize, Farbe, Lack oder Wachs \u00fcberstrichen werden.<\/p>\n[elementor-template id=\"48459\"]\n","protected":false},"featured_media":75062,"template":"","meta":{"site-sidebar-layout":"default","site-content-layout":"default","ast-site-content-layout":"default","site-content-style":"default","site-sidebar-style":"default","ast-global-header-display":"","ast-banner-title-visibility":"","ast-main-header-display":"","ast-hfb-above-header-display":"","ast-hfb-below-header-display":"","ast-hfb-mobile-header-display":"","site-post-title":"","ast-breadcrumbs-content":"","ast-featured-img":"","footer-sml-layout":"","theme-transparent-header-meta":"default","adv-header-id-meta":"","stick-header-meta":"default","header-above-stick-meta":"","header-main-stick-meta":"","header-below-stick-meta":"","astra-migrate-meta-layouts":"set","ast-page-background-enabled":"default","ast-page-background-meta":{"desktop":{"background-color":"","background-image":"","background-repeat":"repeat","background-position":"center center","background-size":"auto","background-attachment":"scroll","background-type":"","background-media":"","overlay-type":"","overlay-color":"","overlay-gradient":""},"tablet":{"background-color":"","background-image":"","background-repeat":"repeat","background-position":"center center","background-size":"auto","background-attachment":"scroll","background-type":"","background-media":"","overlay-type":"","overlay-color":"","overlay-gradient":""},"mobile":{"background-color":"","background-image":"","background-repeat":"repeat","background-position":"center center","background-size":"auto","background-attachment":"scroll","background-type":"","background-media":"","overlay-type":"","overlay-color":"","overlay-gradient":""}},"ast-content-background-meta":{"desktop":{"background-color":"var(--ast-global-color-5)","background-image":"","background-repeat":"repeat","background-position":"center center","background-size":"auto","background-attachment":"scroll","background-type":"","background-media":"","overlay-type":"","overlay-color":"","overlay-gradient":""},"tablet":{"background-color":"var(--ast-global-color-5)","background-image":"","background-repeat":"repeat","background-position":"center center","background-size":"auto","background-attachment":"scroll","background-type":"","background-media":"","overlay-type":"","overlay-color":"","overlay-gradient":""},"mobile":{"background-color":"var(--ast-global-color-5)","background-image":"","background-repeat":"repeat","background-position":"center center","background-size":"auto","background-attachment":"scroll","background-type":"","background-media":"","overlay-type":"","overlay-color":"","overlay-gradient":""}}},"product_cat":[3413],"product_tag":[],"_links":{"self":[{"href":"https:\/\/www.liberon.ch\/de\/wp-json\/wp\/v2\/product\/63679"}],"collection":[{"href":"https:\/\/www.liberon.ch\/de\/wp-json\/wp\/v2\/product"}],"about":[{"href":"https:\/\/www.liberon.ch\/de\/wp-json\/wp\/v2\/types\/product"}],"version-history":[{"count":0,"href":"https:\/\/www.liberon.ch\/de\/wp-json\/wp\/v2\/product\/63679\/revisions"}],"wp:featuredmedia":[{"embeddable":true,"href":"https:\/\/www.liberon.ch\/de\/wp-json\/wp\/v2\/media\/75062"}],"wp:attachment":[{"href":"https:\/\/www.liberon.ch\/de\/wp-json\/wp\/v2\/media?parent=63679"}],"wp:term":[{"taxonomy":"product_cat","embeddable":true,"href":"https:\/\/www.liberon.ch\/de\/wp-json\/wp\/v2\/product_cat?post=63679"},{"taxonomy":"product_tag","embeddable":true,"href":"https:\/\/www.liberon.ch\/de\/wp-json\/wp\/v2\/product_tag?post=63679"}],"curies":[{"name":"wp","href":"https:\/\/api.w.org\/{rel}","templated":true}]}}