{"id":59367,"date":"2021-05-20T16:45:51","date_gmt":"2021-05-20T14:45:51","guid":{"rendered":"https:\/\/test.liberon.com\/unsere-verpflichtungen\/"},"modified":"2021-09-23T11:52:56","modified_gmt":"2021-09-23T09:52:56","slug":"unsere-verpflichtungen","status":"publish","type":"page","link":"https:\/\/www.liberon.ch\/de\/unsere-verpflichtungen\/","title":{"rendered":"Unsere Verpflichtungen"},"content":{"rendered":"\t\t<div data-elementor-type=\"wp-post\" data-elementor-id=\"59367\" class=\"elementor elementor-59367 elementor-1301\">\n\t\t\t\t\t\t<section class=\"elementor-section elementor-top-section elementor-element elementor-element-b6af7ac elementor-section-content-middle elementor-section-boxed elementor-section-height-default elementor-section-height-default\" data-id=\"b6af7ac\" data-element_type=\"section\">\n\t\t\t\t\t\t<div class=\"elementor-container elementor-column-gap-no\">\n\t\t\t\t\t<div class=\"elementor-column elementor-col-50 elementor-top-column elementor-element elementor-element-4b7548c\" data-id=\"4b7548c\" data-element_type=\"column\">\n\t\t\t<div class=\"elementor-widget-wrap elementor-element-populated\">\n\t\t\t\t\t\t<div class=\"elementor-element elementor-element-8fff008 elementor-widget elementor-widget-heading\" data-id=\"8fff008\" data-element_type=\"widget\" data-widget_type=\"heading.default\">\n\t\t\t\t<div class=\"elementor-widget-container\">\n\t\t\t<h2 class=\"elementor-heading-title elementor-size-large\">Entwicklung und Herstellung in Frankreich<\/h2>\t\t<\/div>\n\t\t\t\t<\/div>\n\t\t\t\t<div class=\"elementor-element elementor-element-904ddd2 elementor-widget elementor-widget-text-editor\" data-id=\"904ddd2\" data-element_type=\"widget\" data-widget_type=\"text-editor.default\">\n\t\t\t\t<div class=\"elementor-widget-container\">\n\t\t\t\t\t\t\t<p>Die in Paris gegr\u00fcndete kleine Fabrik befindet sich heute im Jura, wo alle Produkte mit demselben \u00fcberlieferten Know-how und derselben Liebe zu gut gemachter Arbeit entwickelt und hergestellt werden.<\/p>\n\t\t\t\t\t\t<\/div>\n\t\t\t\t<\/div>\n\t\t\t\t\t<\/div>\n\t\t<\/div>\n\t\t\t\t<div class=\"elementor-column elementor-col-50 elementor-top-column elementor-element elementor-element-66b63ba\" data-id=\"66b63ba\" data-element_type=\"column\">\n\t\t\t<div class=\"elementor-widget-wrap elementor-element-populated\">\n\t\t\t\t\t\t<div class=\"elementor-element elementor-element-073fc9a elementor-widget elementor-widget-image\" data-id=\"073fc9a\" data-element_type=\"widget\" data-widget_type=\"image.default\">\n\t\t\t\t<div class=\"elementor-widget-container\">\n\t\t\t\t\t\t\t\t\t\t\t\t\t<img  title=\"Unsere Verpflichtungen\" fetchpriority=\"high\" decoding=\"async\" width=\"628\" height=\"235\" src=\"https:\/\/www.liberon.ch\/wp-content\/uploads\/2018\/07\/Fabrication-francaise.gif\" class=\"attachment-large size-large wp-image-59374\" alt=\"Unsere Verpflichtungen\"  \/>\t\t\t\t\t\t\t\t\t\t\t\t\t<\/div>\n\t\t\t\t<\/div>\n\t\t\t\t\t<\/div>\n\t\t<\/div>\n\t\t\t\t\t<\/div>\n\t\t<\/section>\n\t\t\t\t<section class=\"elementor-section elementor-top-section elementor-element elementor-element-9f7f9f8 elementor-section-content-middle elementor-section-boxed elementor-section-height-default elementor-section-height-default\" data-id=\"9f7f9f8\" data-element_type=\"section\">\n\t\t\t\t\t\t<div class=\"elementor-container elementor-column-gap-no\">\n\t\t\t\t\t<div class=\"elementor-column elementor-col-50 elementor-top-column elementor-element elementor-element-9401015\" data-id=\"9401015\" data-element_type=\"column\">\n\t\t\t<div class=\"elementor-widget-wrap elementor-element-populated\">\n\t\t\t\t\t\t<div class=\"elementor-element elementor-element-f15a35a elementor-widget elementor-widget-image\" data-id=\"f15a35a\" data-element_type=\"widget\" data-widget_type=\"image.default\">\n\t\t\t\t<div class=\"elementor-widget-container\">\n\t\t\t\t\t\t\t\t\t\t\t\t\t<img  title=\"Unsere Verpflichtungen\" decoding=\"async\" width=\"850\" height=\"850\" src=\"https:\/\/www.liberon.ch\/wp-content\/uploads\/2018\/07\/Engagements-Liberon-respons.jpg\" class=\"attachment-large size-large wp-image-59376\" alt=\"Unsere Verpflichtungen\"  srcset=\"https:\/\/www.liberon.ch\/wp-content\/uploads\/2018\/07\/Engagements-Liberon-respons.jpg 850w, https:\/\/www.liberon.ch\/wp-content\/uploads\/2018\/07\/Engagements-Liberon-respons-500x500.jpg 500w, https:\/\/www.liberon.ch\/wp-content\/uploads\/2018\/07\/Engagements-Liberon-respons-600x600.jpg 600w, https:\/\/www.liberon.ch\/wp-content\/uploads\/2018\/07\/Engagements-Liberon-respons-150x150.jpg 150w, https:\/\/www.liberon.ch\/wp-content\/uploads\/2018\/07\/Engagements-Liberon-respons-300x300.jpg 300w, https:\/\/www.liberon.ch\/wp-content\/uploads\/2018\/07\/Engagements-Liberon-respons-768x768.jpg 768w, https:\/\/www.liberon.ch\/wp-content\/uploads\/2018\/07\/Engagements-Liberon-respons-75x75.jpg 75w, https:\/\/www.liberon.ch\/wp-content\/uploads\/2018\/07\/Engagements-Liberon-respons-100x100.jpg 100w\" sizes=\"(max-width: 850px) 100vw, 850px\" \/>\t\t\t\t\t\t\t\t\t\t\t\t\t<\/div>\n\t\t\t\t<\/div>\n\t\t\t\t\t<\/div>\n\t\t<\/div>\n\t\t\t\t<div class=\"elementor-column elementor-col-50 elementor-top-column elementor-element elementor-element-473a9ef\" data-id=\"473a9ef\" data-element_type=\"column\">\n\t\t\t<div class=\"elementor-widget-wrap elementor-element-populated\">\n\t\t\t\t\t\t<div class=\"elementor-element elementor-element-0e790e4 elementor-widget elementor-widget-heading\" data-id=\"0e790e4\" data-element_type=\"widget\" data-widget_type=\"heading.default\">\n\t\t\t\t<div class=\"elementor-widget-container\">\n\t\t\t<h2 class=\"elementor-heading-title elementor-size-large\">Verantwortungsvoll auf allen Ebenen<\/h2>\t\t<\/div>\n\t\t\t\t<\/div>\n\t\t\t\t<div class=\"elementor-element elementor-element-f1c1fdd elementor-widget elementor-widget-text-editor\" data-id=\"f1c1fdd\" data-element_type=\"widget\" data-widget_type=\"text-editor.default\">\n\t\t\t\t<div class=\"elementor-widget-container\">\n\t\t\t\t\t\t\t<p>Als verantwortungsvolles Unternehmen engagiert sich Lib\u00e9ron fortw\u00e4hrend auf vielen Ebenen:<\/p>\n<p>Eine umfassende Zertifizierung f\u00fcr Qualit\u00e4t, Sicherheit und Umweltschutz: <i>Wir besitzen die Zertifizierungen gem\u00e4\u00df ISO 9001 und ISO 14001.<\/i><\/p>\n<p>Achtung der Umwelt: <i>Eine pr\u00e4zise Auswahl der nat\u00fcrlichen Inhaltsstoffe unserer Produkte, Pinsel mit Zertifikat f\u00fcr nachhaltige und umweltvertr\u00e4gliche globale Waldbewirtschaftung, Recycling unserer Verpackungen, die Verpflichtung f\u00fcr \u201eNull Emissionen in die Umwelt\u201c.<\/i><\/p>\n<p>Der Mensch im Zentrum unserer Bem\u00fchungen: <i>Die Bedeutung des Wohlbefindens und der Unterst\u00fctzung unserer Mitarbeiterinnen und Mitarbeiter, die Bevorzugung von regionalen und franz\u00f6sischen Zulieferern.<\/i><\/p>\n\t\t\t\t\t\t<\/div>\n\t\t\t\t<\/div>\n\t\t\t\t\t<\/div>\n\t\t<\/div>\n\t\t\t\t\t<\/div>\n\t\t<\/section>\n\t\t\t\t<section class=\"elementor-section elementor-top-section elementor-element elementor-element-a46b24a elementor-section-content-middle elementor-section-boxed elementor-section-height-default elementor-section-height-default\" data-id=\"a46b24a\" data-element_type=\"section\">\n\t\t\t\t\t\t<div class=\"elementor-container elementor-column-gap-no\">\n\t\t\t\t\t<div class=\"elementor-column elementor-col-50 elementor-top-column elementor-element elementor-element-42b04a2\" data-id=\"42b04a2\" data-element_type=\"column\">\n\t\t\t<div class=\"elementor-widget-wrap elementor-element-populated\">\n\t\t\t\t\t\t<div class=\"elementor-element elementor-element-96c6851 elementor-widget elementor-widget-heading\" data-id=\"96c6851\" data-element_type=\"widget\" data-widget_type=\"heading.default\">\n\t\t\t\t<div class=\"elementor-widget-container\">\n\t\t\t<h2 class=\"elementor-heading-title elementor-size-large\">Eine personalisierte Begleitung<\/h2>\t\t<\/div>\n\t\t\t\t<\/div>\n\t\t\t\t<div class=\"elementor-element elementor-element-8551a1b elementor-widget elementor-widget-text-editor\" data-id=\"8551a1b\" data-element_type=\"widget\" data-widget_type=\"text-editor.default\">\n\t\t\t\t<div class=\"elementor-widget-container\">\n\t\t\t\t\t\t\t<p>Die engagierten und begeisterten Mitarbeiterinnen und Mitarbeiter unseres Beraterteams unterst\u00fctzen Sie bei Ihren Projekten mit technischen Erkl\u00e4rungen, pers\u00f6nlichen Antworten und Deko-Tipps. Sie sind werktags per Telefon, Post oder E-Mail f\u00fcr Sie erreichbar.<\/p>\n\t\t\t\t\t\t<\/div>\n\t\t\t\t<\/div>\n\t\t\t\t<div class=\"elementor-element elementor-element-c510202 elementor-align-center elementor-widget elementor-widget-button\" data-id=\"c510202\" data-element_type=\"widget\" data-widget_type=\"button.default\">\n\t\t\t\t<div class=\"elementor-widget-container\">\n\t\t\t\t\t<div class=\"elementor-button-wrapper\">\n\t\t\t<a class=\"elementor-button elementor-button-link elementor-size-sm\" href=\"\/de\/uns-kontaktieren\/\">\n\t\t\t\t\t\t<span class=\"elementor-button-content-wrapper\">\n\t\t\t\t\t\t<span class=\"elementor-button-text\">UNS KONTAKTIEREN<\/span>\n\t\t<\/span>\n\t\t\t\t\t<\/a>\n\t\t<\/div>\n\t\t\t\t<\/div>\n\t\t\t\t<\/div>\n\t\t\t\t\t<\/div>\n\t\t<\/div>\n\t\t\t\t<div class=\"elementor-column elementor-col-50 elementor-top-column elementor-element elementor-element-94661e7\" data-id=\"94661e7\" data-element_type=\"column\">\n\t\t\t<div class=\"elementor-widget-wrap elementor-element-populated\">\n\t\t\t\t\t\t<div class=\"elementor-element elementor-element-84218f2 elementor-widget elementor-widget-image\" data-id=\"84218f2\" data-element_type=\"widget\" data-widget_type=\"image.default\">\n\t\t\t\t<div class=\"elementor-widget-container\">\n\t\t\t\t\t\t\t\t\t\t\t\t\t<img  title=\"Unsere Verpflichtungen\" decoding=\"async\" width=\"1024\" height=\"683\" src=\"https:\/\/www.liberon.ch\/wp-content\/uploads\/2018\/07\/LA-STANDARDISTE-1-1024x683.jpg\" class=\"attachment-large size-large wp-image-59377\" alt=\"Unsere Verpflichtungen\"  srcset=\"https:\/\/www.liberon.ch\/wp-content\/uploads\/2018\/07\/LA-STANDARDISTE-1-1024x683.jpg 1024w, https:\/\/www.liberon.ch\/wp-content\/uploads\/2018\/07\/LA-STANDARDISTE-1-600x400.jpg 600w, https:\/\/www.liberon.ch\/wp-content\/uploads\/2018\/07\/LA-STANDARDISTE-1-300x200.jpg 300w, https:\/\/www.liberon.ch\/wp-content\/uploads\/2018\/07\/LA-STANDARDISTE-1-768x513.jpg 768w, https:\/\/www.liberon.ch\/wp-content\/uploads\/2018\/07\/LA-STANDARDISTE-1-1140x761.jpg 1140w\" sizes=\"(max-width: 1024px) 100vw, 1024px\" \/>\t\t\t\t\t\t\t\t\t\t\t\t\t<\/div>\n\t\t\t\t<\/div>\n\t\t\t\t\t<\/div>\n\t\t<\/div>\n\t\t\t\t\t<\/div>\n\t\t<\/section>\n\t\t\t\t<section class=\"elementor-section elementor-top-section elementor-element elementor-element-82b1ca7 elementor-section-boxed elementor-section-height-default elementor-section-height-default\" data-id=\"82b1ca7\" data-element_type=\"section\">\n\t\t\t\t\t\t<div class=\"elementor-container elementor-column-gap-default\">\n\t\t\t\t\t<div class=\"elementor-column elementor-col-100 elementor-top-column elementor-element elementor-element-17e0dd4\" data-id=\"17e0dd4\" data-element_type=\"column\">\n\t\t\t<div class=\"elementor-widget-wrap elementor-element-populated\">\n\t\t\t\t\t\t<div class=\"elementor-element elementor-element-6004eb8 elementor-widget elementor-widget-spacer\" data-id=\"6004eb8\" data-element_type=\"widget\" data-widget_type=\"spacer.default\">\n\t\t\t\t<div class=\"elementor-widget-container\">\n\t\t\t\t\t<div class=\"elementor-spacer\">\n\t\t\t<div class=\"elementor-spacer-inner\"><\/div>\n\t\t<\/div>\n\t\t\t\t<\/div>\n\t\t\t\t<\/div>\n\t\t\t\t\t<\/div>\n\t\t<\/div>\n\t\t\t\t\t<\/div>\n\t\t<\/section>\n\t\t\t\t<section class=\"elementor-section elementor-top-section elementor-element elementor-element-0feddcb elementor-section-boxed elementor-section-height-default elementor-section-height-default\" data-id=\"0feddcb\" data-element_type=\"section\">\n\t\t\t\t\t\t<div class=\"elementor-container elementor-column-gap-default\">\n\t\t\t\t\t<div class=\"elementor-column elementor-col-100 elementor-top-column elementor-element elementor-element-bad5148\" data-id=\"bad5148\" data-element_type=\"column\">\n\t\t\t<div class=\"elementor-widget-wrap elementor-element-populated\">\n\t\t\t\t\t\t<div class=\"elementor-element elementor-element-577d7dc elementor-align-center elementor-widget elementor-widget-button\" data-id=\"577d7dc\" data-element_type=\"widget\" data-widget_type=\"button.default\">\n\t\t\t\t<div class=\"elementor-widget-container\">\n\t\t\t\t\t<div class=\"elementor-button-wrapper\">\n\t\t\t<a class=\"elementor-button elementor-button-link elementor-size-sm\" href=\"\/de\/unsere-farben\/\">\n\t\t\t\t\t\t<span class=\"elementor-button-content-wrapper\">\n\t\t\t\t\t\t<span class=\"elementor-button-text\">UNSERE FARBEN ENTDECKEN<\/span>\n\t\t<\/span>\n\t\t\t\t\t<\/a>\n\t\t<\/div>\n\t\t\t\t<\/div>\n\t\t\t\t<\/div>\n\t\t\t\t\t<\/div>\n\t\t<\/div>\n\t\t\t\t\t<\/div>\n\t\t<\/section>\n\t\t\t\t<\/div>\n\t\t","protected":false},"excerpt":{"rendered":"<p>Entwicklung und Herstellung in Frankreich Die in Paris gegr\u00fcndete kleine Fabrik befindet sich heute im Jura, wo alle Produkte mit demselben \u00fcberlieferten Know-how und derselben Liebe zu gut gemachter Arbeit entwickelt und hergestellt werden. Verantwortungsvoll auf allen Ebenen Als verantwortungsvolles Unternehmen engagiert sich Lib\u00e9ron fortw\u00e4hrend auf vielen Ebenen: Eine umfassende Zertifizierung f\u00fcr Qualit\u00e4t, Sicherheit und [&hellip;]<\/p>\n","protected":false},"author":8303,"featured_media":0,"parent":0,"menu_order":0,"comment_status":"closed","ping_status":"closed","template":"","meta":{"site-sidebar-layout":"default","site-content-layout":"","ast-site-content-layout":"","site-content-style":"default","site-sidebar-style":"default","ast-global-header-display":"","ast-banner-title-visibility":"","ast-main-header-display":"","ast-hfb-above-header-display":"","ast-hfb-below-header-display":"","ast-hfb-mobile-header-display":"","site-post-title":"","ast-breadcrumbs-content":"","ast-featured-img":"","footer-sml-layout":"","theme-transparent-header-meta":"","adv-header-id-meta":"","stick-header-meta":"","header-above-stick-meta":"","header-main-stick-meta":"","header-below-stick-meta":"","astra-migrate-meta-layouts":"default","ast-page-background-enabled":"default","ast-page-background-meta":{"desktop":{"background-color":"","background-image":"","background-repeat":"repeat","background-position":"center center","background-size":"auto","background-attachment":"scroll","background-type":"","background-media":"","overlay-type":"","overlay-color":"","overlay-gradient":""},"tablet":{"background-color":"","background-image":"","background-repeat":"repeat","background-position":"center center","background-size":"auto","background-attachment":"scroll","background-type":"","background-media":"","overlay-type":"","overlay-color":"","overlay-gradient":""},"mobile":{"background-color":"","background-image":"","background-repeat":"repeat","background-position":"center center","background-size":"auto","background-attachment":"scroll","background-type":"","background-media":"","overlay-type":"","overlay-color":"","overlay-gradient":""}},"ast-content-background-meta":{"desktop":{"background-color":"var(--ast-global-color-5)","background-image":"","background-repeat":"repeat","background-position":"center center","background-size":"auto","background-attachment":"scroll","background-type":"","background-media":"","overlay-type":"","overlay-color":"","overlay-gradient":""},"tablet":{"background-color":"var(--ast-global-color-5)","background-image":"","background-repeat":"repeat","background-position":"center center","background-size":"auto","background-attachment":"scroll","background-type":"","background-media":"","overlay-type":"","overlay-color":"","overlay-gradient":""},"mobile":{"background-color":"var(--ast-global-color-5)","background-image":"","background-repeat":"repeat","background-position":"center center","background-size":"auto","background-attachment":"scroll","background-type":"","background-media":"","overlay-type":"","overlay-color":"","overlay-gradient":""}},"footnotes":""},"_links":{"self":[{"href":"https:\/\/www.liberon.ch\/de\/wp-json\/wp\/v2\/pages\/59367"}],"collection":[{"href":"https:\/\/www.liberon.ch\/de\/wp-json\/wp\/v2\/pages"}],"about":[{"href":"https:\/\/www.liberon.ch\/de\/wp-json\/wp\/v2\/types\/page"}],"author":[{"embeddable":true,"href":"https:\/\/www.liberon.ch\/de\/wp-json\/wp\/v2\/users\/8303"}],"replies":[{"embeddable":true,"href":"https:\/\/www.liberon.ch\/de\/wp-json\/wp\/v2\/comments?post=59367"}],"version-history":[{"count":0,"href":"https:\/\/www.liberon.ch\/de\/wp-json\/wp\/v2\/pages\/59367\/revisions"}],"wp:attachment":[{"href":"https:\/\/www.liberon.ch\/de\/wp-json\/wp\/v2\/media?parent=59367"}],"curies":[{"name":"wp","href":"https:\/\/api.w.org\/{rel}","templated":true}]}}