{"id":59366,"date":"2021-05-20T16:45:51","date_gmt":"2021-05-20T14:45:51","guid":{"rendered":"https:\/\/test.liberon.com\/59366-2\/"},"modified":"2021-11-19T11:46:40","modified_gmt":"2021-11-19T10:46:40","slug":"personenbezogene-daten-und-cookie-richtlinie","status":"publish","type":"page","link":"https:\/\/www.liberon.ch\/de\/personenbezogene-daten-und-cookie-richtlinie\/","title":{"rendered":"Personenbezogene Daten und Cookie-Richtlinie"},"content":{"rendered":"\t\t<div data-elementor-type=\"wp-page\" data-elementor-id=\"59366\" class=\"elementor elementor-59366 elementor-623\">\n\t\t\t\t\t\t<section class=\"elementor-section elementor-top-section elementor-element elementor-element-7312387d elementor-section-boxed elementor-section-height-default elementor-section-height-default\" data-id=\"7312387d\" data-element_type=\"section\">\n\t\t\t\t\t\t<div class=\"elementor-container elementor-column-gap-default\">\n\t\t\t\t\t<div class=\"elementor-column elementor-col-100 elementor-top-column elementor-element elementor-element-45167c24\" data-id=\"45167c24\" data-element_type=\"column\">\n\t\t\t<div class=\"elementor-widget-wrap elementor-element-populated\">\n\t\t\t\t\t\t<div class=\"elementor-element elementor-element-2d25bb38 elementor-widget elementor-widget-text-editor\" data-id=\"2d25bb38\" data-element_type=\"widget\" data-widget_type=\"text-editor.default\">\n\t\t\t\t<div class=\"elementor-widget-container\">\n\t\t\t\t\t\t\t<h1>Datenschutzerkl\u00e4rung und Cookie-Richtlinie<\/h1>\n<p>Diese Datenschutzerkl\u00e4rung und Cookie-Richtlinie enth\u00e4lt die Grunds\u00e4tze der Firma V33 (Eigent\u00fcmerin der Marke Lib\u00e9ron) zum Schutz der Privatsph\u00e4re, zur Erhebung von personenbezogenen Daten und zu Cookies.<\/p>\n<p>Sie gilt f\u00fcr die Daten, die auf der Website <a href=\"https:\/\/test.liberon.com\">https:\/\/test.liberon.com<\/a> erhoben werden. Diese Website wird durch Google Recaptcha gesch\u00fctzt. F\u00fcr Ihre Navigation auf dieser Website gelten die <a href=\"https:\/\/policies.google.com\/privacy\" target=\"_blank\" rel=\"noopener noreferrer\">Datenschutzerkl\u00e4rung<\/a> und die <a href=\"https:\/\/policies.google.com\/terms\" target=\"_blank\" rel=\"noopener noreferrer\">Nutzungsbedingungen<\/a> von Google.<\/p>\n<p>Um Ihnen den Zugang zu dieser Datenschutzerkl\u00e4rung und Cookie-Richtlinie zu erleichtern, finden Sie in der Fu\u00dfzeile (Men\u00fc \u201eDatenschutzerkl\u00e4rung und Cookie-Richtlinie\u201c) sowie an jeder anderen Stelle, an der Sie um die Angabe von personenbezogenen Daten gebeten werden, einen Link.<\/p>\n<p>Der Zweck dieser Datenschutzerkl\u00e4rung und Cookie-Richtlinie ist, Sie zu informieren:<\/p>\n<p>&#8211; \u00fcber die Mittel, die wir unter strenger Einhaltung Ihrer Rechte f\u00fcr die Erhebung Ihrer personenbezogenen Daten einsetzen,<\/p>\n<p>&#8211; \u00fcber die Daten, die auf unserer Website erhoben werden k\u00f6nnten,<\/p>\n<p>&#8211; \u00fcber die Verwendung der erhobenen Daten und Ihre Rechte in Bezug auf diese Daten.<\/p>\n<p>Die Firma V33 pr\u00e4zisiert mit dieser Datenschutzerkl\u00e4rung und Cookie-Richtlinie und\/oder jedes Mal, wenn Sie um die Angabe von personenbezogenen Daten gebeten werden, die Zwecke der Verarbeitung und die bei jedem Vorgang (Erhebung, Erfassung, \u00c4nderung) verwendeten Mittel.<\/p>\n<p>Die Firma V33 verpflichtet sich:<\/p>\n<p>&#8211; auf die Einhaltung der Grunds\u00e4tze zum Schutz personenbezogener Daten zu achten,<\/p>\n<p>&#8211; die Personen \u00fcber ihre Rechte auf Auskunft, Berichtigung und Widerspruch zu informieren,<\/p>\n<p>&#8211; die Rechts- und\/oder Verwaltungsvorschriften zu erf\u00fcllen.<\/p>\n<p>Wir best\u00e4tigen Ihnen, dass wir bei der Erhebung und Verwaltung Ihrer personenbezogenen Daten an das franz\u00f6sische Datenschutzgesetz (Gesetz Nr. 78-17 vom 6. Januar 1978 \u00fcber Informatik, Dateien und Freiheiten, in seiner ge\u00e4nderten und aktuell geltenden Fassung) sowie an die Datenschutz-Grundverordnung, die am 27. April 2016 vom Europ\u00e4ischen Parlament verabschiedet wurde, und die sich daraus ergebenden Gesetze und Rechtsvorschriften gebunden sind.<\/p>\n<h2>I. Datenschutz<\/h2>\n<h3>1 &#8211; Definition und Art der personenbezogenen Daten<\/h3>\n<p>Bei Ihrer Nutzung unserer Website k\u00f6nnen wir veranlasst sein, \u00fcber diese Website personenbezogene Daten zu erheben, die uns im folgenden Rahmen \u00fcbermittelt werden:<\/p>\n<ul>\n<li>Kontaktformular Lib\u00e9ron (<a href=\"https:\/\/test.liberon.com\/contact\/\">https:\/\/test.liberon.com\/contact\/<\/a>)<\/li>\n<li>Bestellseite (im Falle einer Online-Bestellung von Lib\u00e9ron-Artikeln)<\/li>\n<\/ul>\n<p>Unter \u201epersonenbezogene Daten\u201c sind alle Daten zu verstehen, die es erlauben, Sie direkt oder indirekt (durch die Verbindung von Informationen) zu identifizieren, wie Anrede, Namen, Vornamen, Postanschrift, Postleitzahl, Stadt, Land, E-Mail-Adressen, Telefonnummern\u2026<\/p>\n<h3>2 &#8211; Recht auf Auskunft, Berichtigung, L\u00f6schung, Daten\u00fcbertragbarkeit und Widerspruch gegen die Verarbeitung<\/h3>\n<p>Gem\u00e4\u00df dem franz\u00f6sischen Datenschutzgesetz Nr. 78-17 vom 6. Januar 1978 \u201eInformatik und Freiheiten\u201c sowie den Bestimmungen der Datenschutz-Grundverordnung, die am 27. April 2016 vom Europ\u00e4ischen Parlament verabschiedet wurde, haben Sie ein Recht auf Auskunft, Berichtigung, L\u00f6schung, \u00dcbertragbarkeit und Widerspruch gegen die Verarbeitung Ihrer personenbezogenen Daten. Sie haben auch die M\u00f6glichkeit, der Verarbeitung zum Zwecke der Direktwerbung, insbesondere kommerzieller Werbung, zu widersprechen.<\/p>\n<p>Sie k\u00f6nnen Ihr Recht auf Auskunft \u00fcber Ihre personenbezogenen Daten aus\u00fcben und sie berichtigen oder l\u00f6schen lassen, indem Sie V33 eine entsprechende Mitteilung zusenden. Dazu schicken Sie uns bitte auf dem Postweg einen Antrag mit der Unterschrift des Antragstellers und einen Identit\u00e4tsnachweis (Personalausweis oder Reisepass) mit der Unterschrift der Person, die ihr Recht aus\u00fcbt.<\/p>\n<p><strong>Unsere Postanschrift<\/strong>: V33 &#8211; Rue de la Croix Bernard &#8211; 39210 DOMBLANS<\/p>\n<h3>3 &#8211; Verwaltung der personenbezogenen Daten durch die Firma V33<\/h3>\n<h4>3.1 Mittel zur Erhebung der Daten<\/h4>\n<p>W\u00e4hrend Ihrer Navigation auf der Website https:\/\/test.liberon.com k\u00f6nnen wir veranlasst sein, Ihre personenbezogenen Daten zu erheben, um Ihnen die auf dieser Website angebotenen Dienste bereitstellen zu k\u00f6nnen. Vor jeder Erhebung von personenbezogenen Daten bitten wir Sie um Ihre Einwilligung, die Sie \u00fcber ein auszuf\u00fcllendes Formular und ein K\u00e4stchen, das Sie ankreuzen, nachdem Sie diese Datenschutzerkl\u00e4rung zur Kenntnis genommen haben, erkl\u00e4ren werden.<\/p>\n<h4>3.2 Zweck der Datenerhebung<\/h4>\n<p>Ihre personenbezogenen Daten werden erhoben, um einen oder mehrere der folgenden Zwecke zu erf\u00fcllen:<\/p>\n<ul>\n<li>Verwaltung Ihrer Anfragen in Bezug auf Informationen, Beratung und Kundendienst, um den Kundenkontakt verfolgen zu k\u00f6nnen;<\/li>\n<li>Erstellung von Berichten, Verkaufsstatistiken, Markt- und Verhaltensstudien, insbesondere zum Zwecke der Verbesserung unserer Produkte und der bestm\u00f6glichen Erf\u00fcllung Ihrer Erwartungen, indem wir Ihnen Produkte anbieten, die f\u00fcr Ihre Bed\u00fcrfnisse geeignet sind;<\/li>\n<li>Verwaltung der Aus\u00fcbung Ihrer Rechte auf Auskunft, Berichtigung und Widerspruch in Bezug auf Ihre Daten;<\/li>\n<li>Verwaltung der Rechnungserstellung und Lieferung Ihrer Bestellungen im Onlineshop.<\/li>\n<\/ul>\n<p>Wir verpflichten uns, uns bei der Erhebung Ihrer Daten auf diejenigen Daten zu beschr\u00e4nken, die f\u00fcr den Zweck der vorgesehenen Verarbeitung unbedingt notwendig sind, um Ihre Anfragen zu bearbeiten und Ihnen die Leistungen zukommen zu lassen, die auf unserer Website angeboten werden.<\/p>\n<h4>3.3 Speicherung der Daten<\/h4>\n<p>Die personenbezogenen Daten, die wir erheben, bleiben w\u00e4hrend einer Dauer gespeichert, die nicht l\u00e4nger sein darf als die Dauer, die f\u00fcr die Zwecke, zu denen sie erhoben wurden, notwendig ist, und h\u00f6chstens f\u00fcr eine Dauer von 3 Jahren ab der Datenerhebung oder dem letzten Kontakt mit Interessenten, und in beiden F\u00e4llen ausschlie\u00dflich zum Zwecke der Direktwerbung.<\/p>\n<p>Nach Ablauf dieser Frist und wenn die erhobenen Daten f\u00fcr die Zwecke, zu denen sie erhoben wurden, nicht mehr n\u00f6tig sind:<\/p>\n<ul>\n<li>wir verpflichten uns, Sie zu kontaktieren, damit Sie uns mitteilen k\u00f6nnen, ob Sie weiterhin kommerzielle Werbung erhalten m\u00f6chten oder nicht;<\/li>\n<li>andernfalls werden die Daten archiviert und anonymisiert oder vernichtet.<\/li>\n<\/ul>\n<p>Sie k\u00f6nnen jederzeit Widerspruch gegen die Verarbeitung Ihrer personenbezogenen Daten einlegen, da Sie ein Recht auf Auskunft, Berichtigung, L\u00f6schung und Widerspruch, wie oben dargelegt, haben.<\/p>\n<h4>3.4 Empf\u00e4nger der Daten<\/h4>\n<p>Die personenbezogenen Daten, die von Ihnen erhoben werden, sind f\u00fcr die Firma V33 bestimmt.<\/p>\n<p>Damit wir die oben angef\u00fchrten Verarbeitungen durchf\u00fchren k\u00f6nnen, k\u00f6nnen wir veranlasst sein, Ihre Daten zu teilen, indem wir befugten und zu diesem Zweck ordnungsgem\u00e4\u00df bevollm\u00e4chtigten Personen den Zugang zu ihnen gestatten:<\/p>\n<ul>\n<li>unseren internen Abteilungen: Kommunikation, IT, Marketing<\/li>\n<li>unseren Auftragsverarbeitern: Webagenturen, SEO-Agenturen und Webhoster<\/li>\n<\/ul>\n<p>Die personenbezogenen Daten, die wir von Ihnen erheben k\u00f6nnten, sind nicht dazu bestimmt, in ein Land au\u00dferhalb der Europ\u00e4ischen Union \u00fcbermittelt zu werden. Wenn dies allerdings doch der Fall sein sollte, garantieren wir Ihnen, dass wir bei einer \u00dcbermittlung Ihrer Daten ins Ausland und insbesondere au\u00dferhalb der Europ\u00e4ischen Union alle geeigneten Ma\u00dfnahmen ergreifen werden, um ein ausreichendes Schutzniveau f\u00fcr Ihre Daten zu garantieren, wie zum Beispiel:<\/p>\n<ul>\n<li>die Bevorzugung von sogenannten \u201esicheren\u201c L\u00e4ndern, das hei\u00dft die einen hohen Schutz Ihrer Daten bieten;<\/li>\n<li>die Einholung der notwendigen Genehmigungen bei der Aufsichtsbeh\u00f6rde vor jeder Erhebung von Daten, wenn die Aufsichtsbeh\u00f6rde des betreffenden Landes dies verlangt;<\/li>\n<li>die Einholung der Sicherheits- und Vertraulichkeitsgarantien seitens der Auftragsverarbeiter, zum Beispiel indem wir strenge Vertragsklauseln vorschreiben und uns die M\u00f6glichkeit ihrer regelm\u00e4\u00dfigen Kontrolle und der Durchf\u00fchrung von Audits vorbehalten.<\/li>\n<\/ul>\n<h3>4 &#8211; Sicherheit und Vertraulichkeit der erhobenen personenbezogenen Daten<\/h3>\n<p>Die Sicherheit und Vertraulichkeit der personenbezogenen Daten, die Sie uns anvertrauen, ist eine Priorit\u00e4t f\u00fcr uns.<\/p>\n<p>In der Tat achten wir darauf, alle technischen und organisatorischen Ma\u00dfnahmen zu ergreifen, die angesichts der Art der personenbezogenen Daten, die Sie uns mitteilen, und der durch ihre Verarbeitung entstehenden Risiken n\u00fctzlich sind.<\/p>\n<p>Damit soll die Sicherheit Ihrer personenbezogenen Daten gewahrt werden und insbesondere verhindert werden, dass sie verf\u00e4lscht, vernichtet oder besch\u00e4digt werden oder dass nicht befugte Dritte Zugang zu ihnen erhalten k\u00f6nnten.<\/p>\n<p>Zu diesem Zweck haben wir technische Ma\u00dfnahmen eingerichtet, wie zum Beispiel:<\/p>\n<ul>\n<li>die Verschl\u00fcsselung der Daten, die zwischen der Website <a href=\"https:\/\/test.liberon.com\">https:\/\/test.liberon.com<\/a> und ihren Besuchern ausgetauscht werden, mittels eines SSL-Zertifikats;<\/li>\n<li>die Zentralisierung und die Verwaltung aller personenbezogenen Daten auf einer speziellen Plattform.<\/li>\n<\/ul>\n<p>Die Sicherheit und die Vertraulichkeit der personenbezogenen Daten beruhen auch auf den guten Praktiken jedes einzelnen. Deshalb bitten wir Sie, das Fenster Ihres Browsers nach Ihrer Sitzung zu schlie\u00dfen, vor allem wenn Sie mit einem Computer ins Internet gehen, den Sie mit anderen Personen teilen, und Ihre Kennungen und Passw\u00f6rter nicht in Ihrem Browser zu speichern. So vermeiden Sie, dass andere Nutzer Zugriff zu Ihren personenbezogenen Daten erhalten.<\/p>\n<h2>II. Verwaltung der Cookies<\/h2>\n<p>Der Begriff \u201eCookies\u201c umfasst alle Tracker, die insbesondere w\u00e4hrend der Konsultierung einer Website, des Lesens einer E-Mail, der Verwendung einer Software oder einer mobilen App auf Ihrem Ger\u00e4t abgelegt werden. Es handelt sich dabei um eine Textdatei, die die besuchte Website auf Ihrer Festplatte oder im Speicher Ihres Browsers speichert. Ein Cookie erlaubt es Ihrem Computer, verschiedene technische Daten zu speichern, die die allgemeine Kontrolle des Zugangs der \u00d6ffentlichkeit zu unseren Websites (Anzahl der Besuche, H\u00e4ufigkeit der Anzeige eines Werbebanners, Verbindung mit anderen Websites\u2026) oder die Personalisierung der angezeigten Seiten im Hinblick auf Ihre n\u00e4chsten Interaktionen mit dieser Website erm\u00f6glichen.<\/p>\n<p>Wenn Sie auf unserer Website surfen, k\u00f6nnen Informationen zu Ihrer Navigation in \u201eCookies\u201c-Dateien gespeichert werden, die auf Ihrem Computer, Tablet oder Smartphone abgelegt werden.<\/p>\n<p>Cookies sind wichtig f\u00fcr das ordnungsgem\u00e4\u00dfe Funktionieren einer Website. Cookies werden verwendet, um die Verbindungsdaten zu speichern und eine gesicherte Verbindung bereitzustellen, Statistiken im Hinblick auf die Optimierung der Funktionen der Website zu erheben und den Inhalt an Ihre Interessen anzupassen.<\/p>\n<p>Wenn Sie unsere Website zum ersten Mal besuchen und Cookies auf Ihrem Endger\u00e4t abgelegt werden k\u00f6nnen, werden wir Sie deshalb durch ein Fenster, das sich auf der besuchten Seite \u00f6ffnet, dar\u00fcber informieren, dass von der Website Cookies verwendet werden. Nach dieser Information erhalten Sie Zugang zu dieser Cookie-Richtlinie und k\u00f6nnen Cookies zustimmen oder sie ablehnen.<\/p>\n<p>Wir weisen Sie ausdr\u00fccklich darauf hin, dass Sie der Verwendung von Cookies auf unserer Website zustimmen, indem Sie Ihre Navigation auf der Website nach der Anzeige dieses Fensters fortsetzen. Sie k\u00f6nnen allerdings jederzeit die Einstellungen zu den Cookies, wie im Folgenden dargelegt, \u00e4ndern.<\/p>\n<h3>1 &#8211; Arten von Cookies<\/h3>\n<p>Es gibt verschiedene Arten von Cookies, die Ihnen nach Ihrer Zustimmung den Zugang zu einer Reihe von Funktionen erm\u00f6glichen.<\/p>\n<h4>Cookies, die die Firma V33 auf Ihrer Website verwendet:<\/h4>\n<p>Es handelt sich dabei um Cookies, die von der Firma V33 auf Ihrem Computer, Tablet oder Smartphone abgelegt werden, insbesondere f\u00fcr die Bed\u00fcrfnisse der Navigation auf unserer Website.<\/p>\n<p>W\u00e4hrend Ihrer Navigation auf unserer Website kommuniziert Ihr Computer mit einem Server, der ihm alle gew\u00fcnschten Ressourcen bereitstellt, indem er jeden Vorgang automatisch in einer bestimmten Datei registriert, in der Ihr Computer durch seine IP-Adresse identifiziert wird. Ihr Browser \u00fcbermittelt uns somit automatisch gewisse Standarddaten: au\u00dfer Ihrer IP-Adresse handelt es sich insbesondere um den Browsertyp, den Sie verwenden, seine Funktionen, Ihr Betriebssystem, die Identifizierung von dritten Websites (Facebook, Twitter&#8230;), von denen aus Sie sich eventuell angemeldet haben, sowie die Daten und Uhrzeiten des Zugreifens auf unsere Websites.<\/p>\n<p>Diese Daten und insbesondere Ihre IP-Adresse erlauben es uns nicht, Sie namentlich zu identifizieren.<\/p>\n<p>Die Cookies, die wir ausstellen, erlauben es uns:<\/p>\n<ul>\n<li>die allgemeine Aktivit\u00e4t unserer Website zu \u00fcberwachen, Fehler festzustellen und darauf zu achten, dass unsere Website die geeigneten materiellen Ressourcen erh\u00e4lt;<\/li>\n<li>Statistiken und Volumen der Frequentierung und Verwendung der verschiedenen Elemente, aus denen sich unsere Website zusammensetzt, zu erstellen;<\/li>\n<li>die Pr\u00e4sentation unserer Website an die Bildvoreinstellungen Ihres Terminals anzupassen (verwendete Sprache, Betriebssystem&#8230;);<\/li>\n<li>Ihnen die Konsultierung unserer Website zu erleichtern, indem vermieden wird, dass Sie bei jedem weiteren Besuch dieselben Informationen angeben m\u00fcssen, oder indem wir ihren Inhalt entsprechend Ihren Pr\u00e4ferenzen oder Interessen, die Sie eventuell gezeigt haben, personalisieren;<\/li>\n<li>die Ergonomie der Navigation zu verbessern und die Interessen der Internetnutzer in ihrer Gesamtheit zu identifizieren.<\/li>\n<\/ul>\n<p>Es steht Ihnen frei, in diese Cookies einzuwilligen oder sie abzulehnen. Sie brauchen nur bestimmte Parameter Ihres Browsers so zu \u00e4ndern, dass Cookies abgelehnt werden oder Sie benachrichtigt werden, wenn ein Cookie auf Ihrem Computer abgelegt wird. Sie haben auch die M\u00f6glichkeit, die Cookies, die auf Ihrem Computer gespeichert sind, zu l\u00f6schen, um die darin enthaltenen Informationen endg\u00fcltig zu l\u00f6schen.<\/p>\n<h4>Cookies, die von Dritten auf unserer Website ausgegeben werden:<\/h4>\n<p>Die Absendung und die Verwendung von Cookies durch Dritte unterliegen den Datenschutzbestimmungen dieser Dritten. Wir informieren Sie \u00fcber den Gegenstand der Cookies, von denen wir Kenntnis haben, und \u00fcber die Mittel, \u00fcber die Sie verf\u00fcgen, um Ihre Entscheidungen bez\u00fcglich dieser Cookies zu treffen.<\/p>\n<h4>Webanalyse-Cookies:<\/h4>\n<p>Wie benutzen Google Analytics, um Informationen zu Ihrer Verwendung unserer Website zu erheben, um:<\/p>\n<ul>\n<li>uns zu helfen, die Effizienz des Inhalts unserer Website zu messen und zu untersuchen,<\/li>\n<li>die analytischen Daten auf unseren Websites und die Verwendung unserer Websites durch die Nutzer zu verfolgen,<\/li>\n<li>die Leistungen unserer Websites zu verbessern.<\/li>\n<\/ul>\n<p>Google Analytics erhebt Informationen dazu, welche Seiten Sie besuchen und wie lange Sie dort verweilen. Wir erheben nicht Ihre personenbezogenen Daten. Wir erlauben nicht den Austausch oder die Verwendung dieser Daten.<\/p>\n<p>Wir verwenden Hotjar, um die Bed\u00fcrfnisse unserer Nutzer besser zu verstehen und diesen Dienst und diese Erfahrung zu optimieren. Hotjar ist ein Technologiedienst, der uns hilft, das Nutzererlebnis unserer Nutzer besser zu verstehen (z. B. wie lange sie auf welchen Seiten bleiben, auf welche Links sie klicken, was den Nutzern gef\u00e4llt und was nicht usw.). Dies erm\u00f6glicht es uns, unseren Dienst mit den Kommentaren der Nutzer aufzubauen und zu pflegen.<\/p>\n<p>Hotjar verwendet Cookies und andere Technologien, um Daten zum Verhalten unserer Nutzer und ihrer Ger\u00e4te zu erheben. Dies umfasst:<\/p>\n<ul>\n<li>die IP-Adresse eines Ger\u00e4ts (sie wird w\u00e4hrend Ihrer Sitzung verarbeitet und in einer anonymisierten Form gespeichert),<\/li>\n<li>die Gr\u00f6\u00dfe des Bildschirms des Ger\u00e4ts, den Ger\u00e4tetyp (eindeutige Ger\u00e4tekennungen),<\/li>\n<li>die Informationen des Browsers,<\/li>\n<li>den geografischen Standort (nur das Land).<\/li>\n<\/ul>\n<p>Hotjar speichert diese Informationen in unserem Namen in einem anonymisierten Nutzerprofil. Es ist Hotjar vertraglich untersagt, die in unserem Namen erhobenen Daten zu verkaufen.<\/p>\n<p>Weitere Einzelheiten finden Sie im Abschnitt \u201e<a href=\"https:\/\/help.hotjar.com\/hc\/en-us\/categories\/115001323967-About-Hotjar\" target=\"_blank\" rel=\"noopener noreferrer\">\u00dcber Hotjar<\/a>\u201c auf der offiziellen Website von Hotjar.<\/p>\n<h4>Lebensdauer der Cookies<\/h4>\n<p>Gem\u00e4\u00df den geltenden Vorschriften haben die Cookies, die auf unserer Website erhoben werden, eine Lebensdauer von h\u00f6chstens 13 Monaten.<\/p>\n<h4>Verwaltung der Cookies-Einstellungen<\/h4>\n<p>Sie haben verschiedene M\u00f6glichkeiten, um diese Cookies zu verwalten. Zudem k\u00f6nnen die Einstellungen Ihres Browsers so parametriert sein, dass Ihnen die Cookies, die auf Ihrem Computer, Tablet oder Smartphone abgelegt werden sollen, gemeldet werden und Sie gebeten werden, darin einzuwilligen oder nicht.<\/p>\n<p>Sie haben die M\u00f6glichkeit, Cookies von Fall zu Fall zuzulassen oder abzulehnen oder aber sie systematisch abzulehnen. Allerdings machen wir Sie darauf aufmerksam, dass jede von Ihnen vorgenommene Einstellung Ihre Navigation im Internet und Ihre Zugangsbedingungen zu gewissen Diensten, die die Verwendung von Cookies erfordern k\u00f6nnten, ver\u00e4ndern kann. Die Parametrierung der Cookies kann somit Ihren Zugang zu bestimmten Funktionen der Website blockieren. Sie k\u00f6nnen Ihre Entscheidungen hinsichtlich von Cookies jederzeit \u00e4ndern, indem Sie wie im Folgenden ausgef\u00fchrt vorgehen.<\/p>\n<p>Jeder Browser muss anders konfiguriert werden. Das Vorgehen wird im Hilfe-Men\u00fc Ihres Browsers beschrieben, wo Sie Erkl\u00e4rungen finden, wie Sie die gew\u00fcnschten Einstellungen zu Cookies \u00e4ndern k\u00f6nnen.<\/p>\n<p>Sie k\u00f6nnen die Aktivierung oder Deaktivierung der Cookies der Website insgesamt oder teilweise verwalten, indem Sie auf diesen Link klicken: [<a href=\"#tarteaucitron\" target=\"_blank\">Verwaltung der Cookies<\/a>]<\/p>\n<h2>III. Aktualisierung der Datenschutzerkl\u00e4rung<\/h2>\n<p>Wir behalten uns das Recht vor, diese Datenschutzerkl\u00e4rung insgesamt oder teilweise jederzeit entsprechend den \u00c4nderungen oder Weiterentwicklungen unserer Verwendungsweisen und internen Verfahren zu \u00e4ndern. Wir achten darauf, dass letztere stets den etwaigen \u00c4nderungen der franz\u00f6sischen und europ\u00e4ischen gesetzlichen und regulatorischen Bestimmungen entsprechen.<\/p>\n<p>Wir bitten Sie, diese Datenschutzerkl\u00e4rung regelm\u00e4\u00dfig und vor jeder Datenerhebung zu konsultieren, damit Sie die Verwendung Ihrer personenbezogenen Daten besser kennen und verstehen. Wir k\u00f6nnen veranlasst sein, Sie in regelm\u00e4\u00dfigen Abst\u00e4nden zu bitten, uns Ihre Kenntnis dieser Datenschutzerkl\u00e4rung zu best\u00e4tigen.<\/p>\n<p>Datum der letzten Aktualisierung dieser Datenschutzerkl\u00e4rung: 29. Juli 2020<\/p>\t\t\t\t\t\t<\/div>\n\t\t\t\t<\/div>\n\t\t\t\t\t<\/div>\n\t\t<\/div>\n\t\t\t\t\t<\/div>\n\t\t<\/section>\n\t\t\t\t<\/div>\n\t\t","protected":false},"excerpt":{"rendered":"<p>Datenschutzerkl\u00e4rung und Cookie-Richtlinie Diese Datenschutzerkl\u00e4rung und Cookie-Richtlinie enth\u00e4lt die Grunds\u00e4tze der Firma V33 (Eigent\u00fcmerin der Marke Lib\u00e9ron) zum Schutz der Privatsph\u00e4re, zur Erhebung von personenbezogenen Daten und zu Cookies. Sie gilt f\u00fcr die Daten, die auf der Website https:\/\/test.liberon.com erhoben werden. Diese Website wird durch Google Recaptcha gesch\u00fctzt. F\u00fcr Ihre Navigation auf dieser Website gelten [&hellip;]<\/p>\n","protected":false},"author":8303,"featured_media":0,"parent":0,"menu_order":0,"comment_status":"closed","ping_status":"closed","template":"","meta":{"site-sidebar-layout":"default","site-content-layout":"default","ast-site-content-layout":"","site-content-style":"default","site-sidebar-style":"default","ast-global-header-display":"","ast-banner-title-visibility":"","ast-main-header-display":"","ast-hfb-above-header-display":"","ast-hfb-below-header-display":"","ast-hfb-mobile-header-display":"","site-post-title":"","ast-breadcrumbs-content":"","ast-featured-img":"","footer-sml-layout":"","theme-transparent-header-meta":"default","adv-header-id-meta":"","stick-header-meta":"default","header-above-stick-meta":"","header-main-stick-meta":"","header-below-stick-meta":"","astra-migrate-meta-layouts":"default","ast-page-background-enabled":"default","ast-page-background-meta":{"desktop":{"background-color":"","background-image":"","background-repeat":"repeat","background-position":"center center","background-size":"auto","background-attachment":"scroll","background-type":"","background-media":"","overlay-type":"","overlay-color":"","overlay-gradient":""},"tablet":{"background-color":"","background-image":"","background-repeat":"repeat","background-position":"center center","background-size":"auto","background-attachment":"scroll","background-type":"","background-media":"","overlay-type":"","overlay-color":"","overlay-gradient":""},"mobile":{"background-color":"","background-image":"","background-repeat":"repeat","background-position":"center center","background-size":"auto","background-attachment":"scroll","background-type":"","background-media":"","overlay-type":"","overlay-color":"","overlay-gradient":""}},"ast-content-background-meta":{"desktop":{"background-color":"var(--ast-global-color-5)","background-image":"","background-repeat":"repeat","background-position":"center center","background-size":"auto","background-attachment":"scroll","background-type":"","background-media":"","overlay-type":"","overlay-color":"","overlay-gradient":""},"tablet":{"background-color":"var(--ast-global-color-5)","background-image":"","background-repeat":"repeat","background-position":"center center","background-size":"auto","background-attachment":"scroll","background-type":"","background-media":"","overlay-type":"","overlay-color":"","overlay-gradient":""},"mobile":{"background-color":"var(--ast-global-color-5)","background-image":"","background-repeat":"repeat","background-position":"center center","background-size":"auto","background-attachment":"scroll","background-type":"","background-media":"","overlay-type":"","overlay-color":"","overlay-gradient":""}},"footnotes":""},"_links":{"self":[{"href":"https:\/\/www.liberon.ch\/de\/wp-json\/wp\/v2\/pages\/59366"}],"collection":[{"href":"https:\/\/www.liberon.ch\/de\/wp-json\/wp\/v2\/pages"}],"about":[{"href":"https:\/\/www.liberon.ch\/de\/wp-json\/wp\/v2\/types\/page"}],"author":[{"embeddable":true,"href":"https:\/\/www.liberon.ch\/de\/wp-json\/wp\/v2\/users\/8303"}],"replies":[{"embeddable":true,"href":"https:\/\/www.liberon.ch\/de\/wp-json\/wp\/v2\/comments?post=59366"}],"version-history":[{"count":0,"href":"https:\/\/www.liberon.ch\/de\/wp-json\/wp\/v2\/pages\/59366\/revisions"}],"wp:attachment":[{"href":"https:\/\/www.liberon.ch\/de\/wp-json\/wp\/v2\/media?parent=59366"}],"curies":[{"name":"wp","href":"https:\/\/api.w.org\/{rel}","templated":true}]}}